{"id":681834,"date":"2026-01-29T15:00:49","date_gmt":"2026-01-29T14:00:49","guid":{"rendered":"https:\/\/shop.kustom.ch\/?post_type=product&#038;p=681834"},"modified":"2026-03-31T16:06:02","modified_gmt":"2026-03-31T15:06:02","slug":"polyesterjacke-one","status":"publish","type":"product","link":"https:\/\/shop.kustom.ch\/fr\/produit\/polyesterjacke-one\/","title":{"rendered":"Veste en polyester One"},"content":{"rendered":"<p>JAKO Dots sur l'\u00e9paule<br \/>\nId\u00e9al pour la finition<br \/>\nLogo JAKO sur la poitrine droite<br \/>\nbas de la veste et des manches en bord-c\u00f4te<br \/>\nPoches lat\u00e9rales<br \/>\nTricot de polyester brillant<br \/>\n100 % polyester (recycl\u00e9)<\/p>","protected":false},"excerpt":{"rendered":"<p>Dots JAKO sur l'\u00e9paule Id\u00e9al pour la personnalisation Logo JAKO sur la poitrine droite Bas de la veste et des manches avec c\u00f4tes Poches lat\u00e9rales Tricot polyester brillant 100 % polyester (recycl\u00e9)<\/p>","protected":false},"featured_media":681879,"template":"","meta":[],"product_brand":[],"product_cat":[4186],"product_tag":[],"class_list":{"0":"post-681834","1":"product","2":"type-product","3":"status-publish","4":"has-post-thumbnail","6":"product_cat-jacken","7":"pa_brand-jako","8":"pa_brand-type-sportswear","9":"pa_filter-color-blau","10":"pa_filter-color-gelb","11":"pa_filter-color-grau","12":"pa_filter-color-gruen","13":"pa_filter-color-orange","14":"pa_filter-color-pink","15":"pa_filter-color-rot","16":"pa_filter-color-schwarz","17":"pa_filter-color-violet","18":"pa_filter-color-weiss","20":"first","21":"instock","22":"sale","23":"taxable","24":"shipping-taxable","25":"purchasable","26":"product-type-variable","27":"add-to-wishlist-before_image"},"exclude_global_add_ons":[],"addons":[],"acf":[],"_links":{"self":[{"href":"https:\/\/shop.kustom.ch\/fr\/wp-json\/wp\/v2\/product\/681834"}],"collection":[{"href":"https:\/\/shop.kustom.ch\/fr\/wp-json\/wp\/v2\/product"}],"about":[{"href":"https:\/\/shop.kustom.ch\/fr\/wp-json\/wp\/v2\/types\/product"}],"wp:featuredmedia":[{"embeddable":true,"href":"https:\/\/shop.kustom.ch\/fr\/wp-json\/wp\/v2\/media\/681879"}],"wp:attachment":[{"href":"https:\/\/shop.kustom.ch\/fr\/wp-json\/wp\/v2\/media?parent=681834"}],"wp:term":[{"taxonomy":"product_brand","embeddable":true,"href":"https:\/\/shop.kustom.ch\/fr\/wp-json\/wp\/v2\/product_brand?post=681834"},{"taxonomy":"product_cat","embeddable":true,"href":"https:\/\/shop.kustom.ch\/fr\/wp-json\/wp\/v2\/product_cat?post=681834"},{"taxonomy":"product_tag","embeddable":true,"href":"https:\/\/shop.kustom.ch\/fr\/wp-json\/wp\/v2\/product_tag?post=681834"}],"curies":[{"name":"wp","href":"https:\/\/api.w.org\/{rel}","templated":true}]}}