{"id":680683,"date":"2026-01-29T14:53:47","date_gmt":"2026-01-29T13:53:47","guid":{"rendered":"https:\/\/shop.kustom.ch\/?post_type=product&#038;p=680683"},"modified":"2026-03-31T16:02:42","modified_gmt":"2026-03-31T15:02:42","slug":"trainingshose-one-kurzgroessen","status":"publish","type":"product","link":"https:\/\/shop.kustom.ch\/fr\/produit\/trainingshose-one-kurzgroessen\/","title":{"rendered":"Pantalon d'entra\u00eenement One tailles courtes"},"content":{"rendered":"<p>Poches lat\u00e9rales avec fermeture \u00e9clair<br \/>\nBas de jambe avec fermeture \u00e9clair<br \/>\nPolyester-Terry<br \/>\n100 % polyester (recycl\u00e9)<\/p>","protected":false},"excerpt":{"rendered":"<p>Seitentaschen mit Reissverschluss Beinabschluss mit Reissverschluss Polyester-Terry 100 % Polyester (recycelt)<\/p>","protected":false},"featured_media":0,"template":"","meta":[],"product_brand":[],"product_cat":[4185],"product_tag":[],"class_list":{"0":"post-680683","1":"product","2":"type-product","3":"status-publish","5":"product_cat-hosen","6":"pa_brand-jako","7":"pa_brand-type-sportswear","8":"pa_filter-color-blau","9":"pa_filter-color-schwarz","11":"first","12":"instock","13":"sale","14":"taxable","15":"shipping-taxable","16":"purchasable","17":"product-type-variable","18":"add-to-wishlist-before_image"},"exclude_global_add_ons":[],"addons":[],"acf":[],"_links":{"self":[{"href":"https:\/\/shop.kustom.ch\/fr\/wp-json\/wp\/v2\/product\/680683"}],"collection":[{"href":"https:\/\/shop.kustom.ch\/fr\/wp-json\/wp\/v2\/product"}],"about":[{"href":"https:\/\/shop.kustom.ch\/fr\/wp-json\/wp\/v2\/types\/product"}],"wp:attachment":[{"href":"https:\/\/shop.kustom.ch\/fr\/wp-json\/wp\/v2\/media?parent=680683"}],"wp:term":[{"taxonomy":"product_brand","embeddable":true,"href":"https:\/\/shop.kustom.ch\/fr\/wp-json\/wp\/v2\/product_brand?post=680683"},{"taxonomy":"product_cat","embeddable":true,"href":"https:\/\/shop.kustom.ch\/fr\/wp-json\/wp\/v2\/product_cat?post=680683"},{"taxonomy":"product_tag","embeddable":true,"href":"https:\/\/shop.kustom.ch\/fr\/wp-json\/wp\/v2\/product_tag?post=680683"}],"curies":[{"name":"wp","href":"https:\/\/api.w.org\/{rel}","templated":true}]}}