{"id":680471,"date":"2026-01-29T14:52:09","date_gmt":"2026-01-29T13:52:09","guid":{"rendered":"https:\/\/shop.kustom.ch\/?post_type=product&#038;p=680471"},"modified":"2026-03-31T16:02:17","modified_gmt":"2026-03-31T15:02:17","slug":"trainingshose-one","status":"publish","type":"product","link":"https:\/\/shop.kustom.ch\/fr\/produit\/trainingshose-one\/","title":{"rendered":"Pantalon de surv\u00eatement One"},"content":{"rendered":"<p>Poches lat\u00e9rales avec fermeture \u00e9clair<br \/>\nBas de jambe avec fermeture \u00e9clair<br \/>\nPolyester-Terry<br \/>\n100 % polyester (recycl\u00e9)<\/p>","protected":false},"excerpt":{"rendered":"<p>Seitentaschen mit Reissverschluss Beinabschluss mit Reissverschluss Polyester-Terry 100 % Polyester (recycelt)<\/p>","protected":false},"featured_media":680524,"template":"","meta":[],"product_brand":[],"product_cat":[4185],"product_tag":[],"class_list":{"0":"post-680471","1":"product","2":"type-product","3":"status-publish","4":"has-post-thumbnail","6":"product_cat-hosen","7":"pa_brand-jako","8":"pa_brand-type-sportswear","9":"pa_filter-color-blau","10":"pa_filter-color-grau","11":"pa_filter-color-rot","12":"pa_filter-color-schwarz","14":"first","15":"instock","16":"sale","17":"taxable","18":"shipping-taxable","19":"purchasable","20":"product-type-variable","21":"add-to-wishlist-before_image"},"exclude_global_add_ons":[],"addons":[],"acf":[],"_links":{"self":[{"href":"https:\/\/shop.kustom.ch\/fr\/wp-json\/wp\/v2\/product\/680471"}],"collection":[{"href":"https:\/\/shop.kustom.ch\/fr\/wp-json\/wp\/v2\/product"}],"about":[{"href":"https:\/\/shop.kustom.ch\/fr\/wp-json\/wp\/v2\/types\/product"}],"wp:featuredmedia":[{"embeddable":true,"href":"https:\/\/shop.kustom.ch\/fr\/wp-json\/wp\/v2\/media\/680524"}],"wp:attachment":[{"href":"https:\/\/shop.kustom.ch\/fr\/wp-json\/wp\/v2\/media?parent=680471"}],"wp:term":[{"taxonomy":"product_brand","embeddable":true,"href":"https:\/\/shop.kustom.ch\/fr\/wp-json\/wp\/v2\/product_brand?post=680471"},{"taxonomy":"product_cat","embeddable":true,"href":"https:\/\/shop.kustom.ch\/fr\/wp-json\/wp\/v2\/product_cat?post=680471"},{"taxonomy":"product_tag","embeddable":true,"href":"https:\/\/shop.kustom.ch\/fr\/wp-json\/wp\/v2\/product_tag?post=680471"}],"curies":[{"name":"wp","href":"https:\/\/api.w.org\/{rel}","templated":true}]}}