{"id":680364,"date":"2026-01-29T14:51:04","date_gmt":"2026-01-29T13:51:04","guid":{"rendered":"https:\/\/shop.kustom.ch\/?post_type=product&#038;p=680364"},"modified":"2026-03-31T16:01:10","modified_gmt":"2026-03-31T15:01:10","slug":"2-in-1-jacke-wardrobe","status":"publish","type":"product","link":"https:\/\/shop.kustom.ch\/fr\/produit\/2-in-1-jacke-wardrobe\/","title":{"rendered":"Veste 2 en 1 Wardrobe"},"content":{"rendered":"<p>Logo r\u00e9tro JAKO de l'ann\u00e9e 1992<br \/>\nTissu ext\u00e9rieur coupe-vent et imperm\u00e9able avec membrane<br \/>\nDoublure int\u00e9rieure en mesh avec finition ouverte dans le dos<br \/>\nOuverture d'a\u00e9ration dans le dos<br \/>\nCapuche avec cordon de serrage et stoppeurs<br \/>\nCol extra haut<br \/>\nBas des manches avec bouton-pression<br \/>\nManches amovibles<br \/>\nPoches lat\u00e9rales avec fermeture \u00e9clair<br \/>\nPoche int\u00e9rieure<br \/>\nCoutures tapiss\u00e9es<br \/>\nLogo JAKO en contraste<br \/>\n100 % Polyester<br \/>\n3000 mm TPU\/1500 g\/m\u00b2\/24h<br \/>\nDoublure int\u00e9rieure : 100 % polyester<br \/>\n180 g\/m<\/p>","protected":false},"excerpt":{"rendered":"<p>JAKO Retro Logo aus dem Jahr 1992 Wind- und wasserabweisendes Obermaterial mit Membran Innenfutter aus Mesh mit offenem Abschluss im R\u00fccken Bel\u00fcftungs\u00f6ffnung am R\u00fccken Kapuze mit Kordelzug und Stoppern Extra hoher Kragen \u00c4rmelabschluss mit Druckknopf Abnehmbare \u00c4rmel Seitentaschen mit Reissverschluss Innentasche Getapte N\u00e4hte JAKO Logo in Kontrast 100 % Polyester 3000 mm TPU\/1500 g\/m\u00b2\/24h Innenfutter: [&hellip;]<\/p>\n","protected":false},"featured_media":680394,"template":"","meta":[],"product_brand":[],"product_cat":[4186],"product_tag":[],"class_list":{"0":"post-680364","1":"product","2":"type-product","3":"status-publish","4":"has-post-thumbnail","6":"product_cat-jacken","7":"pa_brand-jako","8":"pa_brand-type-sportswear","9":"pa_filter-color-blau","10":"pa_filter-color-schwarz","12":"first","13":"instock","14":"sale","15":"taxable","16":"shipping-taxable","17":"purchasable","18":"product-type-variable","19":"add-to-wishlist-before_image"},"exclude_global_add_ons":[],"addons":[],"acf":[],"_links":{"self":[{"href":"https:\/\/shop.kustom.ch\/fr\/wp-json\/wp\/v2\/product\/680364"}],"collection":[{"href":"https:\/\/shop.kustom.ch\/fr\/wp-json\/wp\/v2\/product"}],"about":[{"href":"https:\/\/shop.kustom.ch\/fr\/wp-json\/wp\/v2\/types\/product"}],"wp:featuredmedia":[{"embeddable":true,"href":"https:\/\/shop.kustom.ch\/fr\/wp-json\/wp\/v2\/media\/680394"}],"wp:attachment":[{"href":"https:\/\/shop.kustom.ch\/fr\/wp-json\/wp\/v2\/media?parent=680364"}],"wp:term":[{"taxonomy":"product_brand","embeddable":true,"href":"https:\/\/shop.kustom.ch\/fr\/wp-json\/wp\/v2\/product_brand?post=680364"},{"taxonomy":"product_cat","embeddable":true,"href":"https:\/\/shop.kustom.ch\/fr\/wp-json\/wp\/v2\/product_cat?post=680364"},{"taxonomy":"product_tag","embeddable":true,"href":"https:\/\/shop.kustom.ch\/fr\/wp-json\/wp\/v2\/product_tag?post=680364"}],"curies":[{"name":"wp","href":"https:\/\/api.w.org\/{rel}","templated":true}]}}