{"id":679640,"date":"2026-01-29T14:46:25","date_gmt":"2026-01-29T13:46:25","guid":{"rendered":"https:\/\/shop.kustom.ch\/?post_type=product&#038;p=679640"},"modified":"2026-03-31T15:59:19","modified_gmt":"2026-03-31T14:59:19","slug":"kapuzensweat-promo","status":"publish","type":"product","link":"https:\/\/shop.kustom.ch\/fr\/produit\/kapuzensweat-promo\/","title":{"rendered":"Sweat \u00e0 capuche Promo"},"content":{"rendered":"<p>Coton issu de l'agriculture biologique contr\u00f4l\u00e9e<br \/>\nLogo r\u00e9tro JAKO de l'ann\u00e9e 1992<br \/>\nSweat avec int\u00e9rieur doux et gratt\u00e9<br \/>\nPoche plaqu\u00e9e<br \/>\nSans cordons pour les tailles enfants<br \/>\nLogo JAKO en contraste<br \/>\n60 % coton (bio), 40 % polyester (recycl\u00e9)<br \/>\n240 g\/m<\/p>","protected":false},"excerpt":{"rendered":"<p>Baumwolle aus kontrolliert biologischem Anbau JAKO Retro Logo aus dem Jahr 1992 Sweat mit weich angerauter Innenseite Aufgesetzte Tasche Ohne Kordeln bei Kindergr\u00f6ssen JAKO Logo in Kontrast 60 % Baumwolle (Bio), 40 % Polyester (recycelt) 240 g\/m\u00b2<\/p>","protected":false},"featured_media":679645,"template":"","meta":[],"product_brand":[],"product_cat":[4184],"product_tag":[],"class_list":{"0":"post-679640","1":"product","2":"type-product","3":"status-publish","4":"has-post-thumbnail","6":"product_cat-hoodies-pullover","7":"pa_brand-jako","8":"pa_brand-type-sportswear","9":"pa_filter-color-blau","10":"pa_filter-color-rot","11":"pa_filter-color-schwarz","12":"pa_filter-color-weiss","14":"first","15":"instock","16":"sale","17":"taxable","18":"shipping-taxable","19":"purchasable","20":"product-type-variable","21":"add-to-wishlist-before_image"},"exclude_global_add_ons":[],"addons":[],"acf":[],"_links":{"self":[{"href":"https:\/\/shop.kustom.ch\/fr\/wp-json\/wp\/v2\/product\/679640"}],"collection":[{"href":"https:\/\/shop.kustom.ch\/fr\/wp-json\/wp\/v2\/product"}],"about":[{"href":"https:\/\/shop.kustom.ch\/fr\/wp-json\/wp\/v2\/types\/product"}],"wp:featuredmedia":[{"embeddable":true,"href":"https:\/\/shop.kustom.ch\/fr\/wp-json\/wp\/v2\/media\/679645"}],"wp:attachment":[{"href":"https:\/\/shop.kustom.ch\/fr\/wp-json\/wp\/v2\/media?parent=679640"}],"wp:term":[{"taxonomy":"product_brand","embeddable":true,"href":"https:\/\/shop.kustom.ch\/fr\/wp-json\/wp\/v2\/product_brand?post=679640"},{"taxonomy":"product_cat","embeddable":true,"href":"https:\/\/shop.kustom.ch\/fr\/wp-json\/wp\/v2\/product_cat?post=679640"},{"taxonomy":"product_tag","embeddable":true,"href":"https:\/\/shop.kustom.ch\/fr\/wp-json\/wp\/v2\/product_tag?post=679640"}],"curies":[{"name":"wp","href":"https:\/\/api.w.org\/{rel}","templated":true}]}}