{"id":679337,"date":"2026-01-29T14:44:26","date_gmt":"2026-01-29T13:44:26","guid":{"rendered":"https:\/\/shop.kustom.ch\/?post_type=product&#038;p=679337"},"modified":"2026-03-31T15:58:39","modified_gmt":"2026-03-31T14:58:39","slug":"tracksuit-hose-wardrobe","status":"publish","type":"product","link":"https:\/\/shop.kustom.ch\/fr\/produit\/tracksuit-hose-wardrobe\/","title":{"rendered":"Pantalon de surv\u00eatement Wardrobe"},"content":{"rendered":"<p>Logo r\u00e9tro JAKO de l'ann\u00e9e 1992<br \/>\nCeinture \u00e9lastique en deux parties avec cordon de serrage<br \/>\nJambes de pantalon \u00e9troites<br \/>\npli fix\u00e9<br \/>\nFermeture par bouton, crochet et fermeture \u00e9clair<br \/>\nPoches lat\u00e9rales<br \/>\nLogo JAKO en contraste<br \/>\nPolyester interlock<br \/>\n93 % polyester (recycl\u00e9), 7 % \u00e9lasthanne<br \/>\n275 g\/m<\/p>","protected":false},"excerpt":{"rendered":"<p>JAKO Retro Logo aus dem Jahr 1992 Zweiteiliger elastischer Bund mit Kordelzug Schmal zulaufendes Hosenbein Fixierte B\u00fcgelfalte Verschliessbar mit Knopf, Haken und Reissverschluss Seitentaschen JAKO Logo in Kontrast Polyester-Interlock 93 % Polyester (recycelt), 7 % Elasthan 275 g\/m\u00b2<\/p>","protected":false},"featured_media":679376,"template":"","meta":[],"product_brand":[],"product_cat":[4185],"product_tag":[],"class_list":{"0":"post-679337","1":"product","2":"type-product","3":"status-publish","4":"has-post-thumbnail","6":"product_cat-hosen","7":"pa_brand-jako","8":"pa_brand-type-sportswear","9":"pa_filter-color-blau","10":"pa_filter-color-rot","11":"pa_filter-color-schwarz","12":"pa_filter-color-weiss","14":"first","15":"instock","16":"sale","17":"taxable","18":"shipping-taxable","19":"purchasable","20":"product-type-variable","21":"add-to-wishlist-before_image"},"exclude_global_add_ons":[],"addons":[],"acf":[],"_links":{"self":[{"href":"https:\/\/shop.kustom.ch\/fr\/wp-json\/wp\/v2\/product\/679337"}],"collection":[{"href":"https:\/\/shop.kustom.ch\/fr\/wp-json\/wp\/v2\/product"}],"about":[{"href":"https:\/\/shop.kustom.ch\/fr\/wp-json\/wp\/v2\/types\/product"}],"wp:featuredmedia":[{"embeddable":true,"href":"https:\/\/shop.kustom.ch\/fr\/wp-json\/wp\/v2\/media\/679376"}],"wp:attachment":[{"href":"https:\/\/shop.kustom.ch\/fr\/wp-json\/wp\/v2\/media?parent=679337"}],"wp:term":[{"taxonomy":"product_brand","embeddable":true,"href":"https:\/\/shop.kustom.ch\/fr\/wp-json\/wp\/v2\/product_brand?post=679337"},{"taxonomy":"product_cat","embeddable":true,"href":"https:\/\/shop.kustom.ch\/fr\/wp-json\/wp\/v2\/product_cat?post=679337"},{"taxonomy":"product_tag","embeddable":true,"href":"https:\/\/shop.kustom.ch\/fr\/wp-json\/wp\/v2\/product_tag?post=679337"}],"curies":[{"name":"wp","href":"https:\/\/api.w.org\/{rel}","templated":true}]}}