{"id":679290,"date":"2026-01-29T14:43:56","date_gmt":"2026-01-29T13:43:56","guid":{"rendered":"https:\/\/shop.kustom.ch\/?post_type=product&#038;p=679290"},"modified":"2026-03-31T15:58:22","modified_gmt":"2026-03-31T14:58:22","slug":"webhose-one-langgroessen","status":"publish","type":"product","link":"https:\/\/shop.kustom.ch\/fr\/produit\/webhose-one-langgroessen\/","title":{"rendered":"Pantalon tiss\u00e9 One tailles longues"},"content":{"rendered":"<p>Poches lat\u00e9rales avec fermeture \u00e9clair<br \/>\nBas de jambe avec fermeture \u00e9clair<br \/>\nDoublure int\u00e9rieure en mesh<br \/>\nMicro-Twill<br \/>\n100 % polyester (recycl\u00e9)<br \/>\nDoublure int\u00e9rieure : 100 % polyester (recycl\u00e9)<\/p>","protected":false},"excerpt":{"rendered":"<p>Seitentaschen mit Reissverschluss Beinabschluss mit Reissverschluss Innenfutter aus Mesh Micro-Twill 100 % Polyester (recycelt) Innenfutter: 100 % Polyester (recycelt)<\/p>","protected":false},"featured_media":679243,"template":"","meta":[],"product_brand":[],"product_cat":[4185],"product_tag":[],"class_list":{"0":"post-679290","1":"product","2":"type-product","3":"status-publish","4":"has-post-thumbnail","6":"product_cat-hosen","7":"pa_brand-jako","8":"pa_brand-type-sportswear","9":"pa_filter-color-blau","10":"pa_filter-color-schwarz","12":"first","13":"instock","14":"sale","15":"taxable","16":"shipping-taxable","17":"purchasable","18":"product-type-variable","19":"add-to-wishlist-before_image"},"exclude_global_add_ons":[],"addons":[],"acf":[],"_links":{"self":[{"href":"https:\/\/shop.kustom.ch\/fr\/wp-json\/wp\/v2\/product\/679290"}],"collection":[{"href":"https:\/\/shop.kustom.ch\/fr\/wp-json\/wp\/v2\/product"}],"about":[{"href":"https:\/\/shop.kustom.ch\/fr\/wp-json\/wp\/v2\/types\/product"}],"wp:featuredmedia":[{"embeddable":true,"href":"https:\/\/shop.kustom.ch\/fr\/wp-json\/wp\/v2\/media\/679243"}],"wp:attachment":[{"href":"https:\/\/shop.kustom.ch\/fr\/wp-json\/wp\/v2\/media?parent=679290"}],"wp:term":[{"taxonomy":"product_brand","embeddable":true,"href":"https:\/\/shop.kustom.ch\/fr\/wp-json\/wp\/v2\/product_brand?post=679290"},{"taxonomy":"product_cat","embeddable":true,"href":"https:\/\/shop.kustom.ch\/fr\/wp-json\/wp\/v2\/product_cat?post=679290"},{"taxonomy":"product_tag","embeddable":true,"href":"https:\/\/shop.kustom.ch\/fr\/wp-json\/wp\/v2\/product_tag?post=679290"}],"curies":[{"name":"wp","href":"https:\/\/api.w.org\/{rel}","templated":true}]}}