{"id":678394,"date":"2026-01-29T14:38:09","date_gmt":"2026-01-29T13:38:09","guid":{"rendered":"https:\/\/shop.kustom.ch\/?post_type=product&#038;p=678394"},"modified":"2026-03-31T15:55:52","modified_gmt":"2026-03-31T14:55:52","slug":"t-shirt-promo-2-0","status":"publish","type":"product","link":"https:\/\/shop.kustom.ch\/fr\/produit\/t-shirt-promo-2-0\/","title":{"rendered":"T-shirt Promo 2.0"},"content":{"rendered":"<p>Coton issu de l'agriculture biologique contr\u00f4l\u00e9e<br \/>\nLogo r\u00e9tro JAKO de l'ann\u00e9e 1992<br \/>\nCol c\u00f4tel\u00e9<br \/>\nLogo JAKO en contraste<br \/>\nJersey simple<br \/>\n60 % coton (bio), 40 % polyester (recycl\u00e9)<br \/>\n160 g\/m<\/p>","protected":false},"excerpt":{"rendered":"<p>Coton issu de l'agriculture biologique JAKO Logo r\u00e9tro de 1992 Col c\u00f4tel\u00e9 Logo JAKO en contraste Jersey simple 60 % coton (bio), 40 % polyester (recycl\u00e9) 160 g\/m<\/p>","protected":false},"featured_media":678431,"template":"","meta":[],"product_brand":[],"product_cat":[4201],"product_tag":[],"class_list":{"0":"post-678394","1":"product","2":"type-product","3":"status-publish","4":"has-post-thumbnail","6":"product_cat-t-shirts","7":"pa_brand-jako","8":"pa_brand-type-sportswear","9":"pa_filter-color-blau","10":"pa_filter-color-rot","11":"pa_filter-color-schwarz","12":"pa_filter-color-weiss","14":"first","15":"instock","16":"sale","17":"taxable","18":"shipping-taxable","19":"purchasable","20":"product-type-variable","21":"add-to-wishlist-before_image"},"exclude_global_add_ons":[],"addons":[],"acf":[],"_links":{"self":[{"href":"https:\/\/shop.kustom.ch\/fr\/wp-json\/wp\/v2\/product\/678394"}],"collection":[{"href":"https:\/\/shop.kustom.ch\/fr\/wp-json\/wp\/v2\/product"}],"about":[{"href":"https:\/\/shop.kustom.ch\/fr\/wp-json\/wp\/v2\/types\/product"}],"wp:featuredmedia":[{"embeddable":true,"href":"https:\/\/shop.kustom.ch\/fr\/wp-json\/wp\/v2\/media\/678431"}],"wp:attachment":[{"href":"https:\/\/shop.kustom.ch\/fr\/wp-json\/wp\/v2\/media?parent=678394"}],"wp:term":[{"taxonomy":"product_brand","embeddable":true,"href":"https:\/\/shop.kustom.ch\/fr\/wp-json\/wp\/v2\/product_brand?post=678394"},{"taxonomy":"product_cat","embeddable":true,"href":"https:\/\/shop.kustom.ch\/fr\/wp-json\/wp\/v2\/product_cat?post=678394"},{"taxonomy":"product_tag","embeddable":true,"href":"https:\/\/shop.kustom.ch\/fr\/wp-json\/wp\/v2\/product_tag?post=678394"}],"curies":[{"name":"wp","href":"https:\/\/api.w.org\/{rel}","templated":true}]}}