{"id":678158,"date":"2026-01-29T14:36:36","date_gmt":"2026-01-29T13:36:36","guid":{"rendered":"https:\/\/shop.kustom.ch\/?post_type=product&#038;p=678158"},"modified":"2026-03-31T15:55:22","modified_gmt":"2026-03-31T14:55:22","slug":"t-shirt-sonic","status":"publish","type":"product","link":"https:\/\/shop.kustom.ch\/fr\/produit\/t-shirt-sonic\/","title":{"rendered":"T-shirt Sonic"},"content":{"rendered":"<p>Id\u00e9al pour la finition<br \/>\nLogo JAKO sur la poitrine droite<br \/>\nManches en design imprim\u00e9<br \/>\nBas des manches avec bord-c\u00f4te<br \/>\nMini-piquet en polyester<br \/>\n100 % polyester (recycl\u00e9)<\/p>","protected":false},"excerpt":{"rendered":"<p>Id\u00e9al pour la personnalisation Logo JAKO sur la poitrine droite Manches avec design imprim\u00e9 Bas des manches avec bord-c\u00f4te Mini-piquet en polyester 100 % Polyester (recycl\u00e9)<\/p>","protected":false},"featured_media":678220,"template":"","meta":[],"product_brand":[],"product_cat":[4201],"product_tag":[],"class_list":{"0":"post-678158","1":"product","2":"type-product","3":"status-publish","4":"has-post-thumbnail","6":"product_cat-t-shirts","7":"pa_brand-jako","8":"pa_brand-type-sportswear","9":"pa_filter-color-beige","10":"pa_filter-color-blau","11":"pa_filter-color-gelb","12":"pa_filter-color-grau","13":"pa_filter-color-gruen","14":"pa_filter-color-rot","15":"pa_filter-color-schwarz","16":"pa_filter-color-weiss","18":"first","19":"instock","20":"sale","21":"taxable","22":"shipping-taxable","23":"purchasable","24":"product-type-variable","25":"add-to-wishlist-before_image"},"exclude_global_add_ons":[],"addons":[],"acf":[],"_links":{"self":[{"href":"https:\/\/shop.kustom.ch\/fr\/wp-json\/wp\/v2\/product\/678158"}],"collection":[{"href":"https:\/\/shop.kustom.ch\/fr\/wp-json\/wp\/v2\/product"}],"about":[{"href":"https:\/\/shop.kustom.ch\/fr\/wp-json\/wp\/v2\/types\/product"}],"wp:featuredmedia":[{"embeddable":true,"href":"https:\/\/shop.kustom.ch\/fr\/wp-json\/wp\/v2\/media\/678220"}],"wp:attachment":[{"href":"https:\/\/shop.kustom.ch\/fr\/wp-json\/wp\/v2\/media?parent=678158"}],"wp:term":[{"taxonomy":"product_brand","embeddable":true,"href":"https:\/\/shop.kustom.ch\/fr\/wp-json\/wp\/v2\/product_brand?post=678158"},{"taxonomy":"product_cat","embeddable":true,"href":"https:\/\/shop.kustom.ch\/fr\/wp-json\/wp\/v2\/product_cat?post=678158"},{"taxonomy":"product_tag","embeddable":true,"href":"https:\/\/shop.kustom.ch\/fr\/wp-json\/wp\/v2\/product_tag?post=678158"}],"curies":[{"name":"wp","href":"https:\/\/api.w.org\/{rel}","templated":true}]}}