{"id":677904,"date":"2026-01-29T14:35:15","date_gmt":"2026-01-29T13:35:15","guid":{"rendered":"https:\/\/shop.kustom.ch\/?post_type=product&#038;p=677904"},"modified":"2026-03-31T15:54:53","modified_gmt":"2026-03-31T14:54:53","slug":"t-shirt-one-cotton","status":"publish","type":"product","link":"https:\/\/shop.kustom.ch\/fr\/produit\/t-shirt-one-cotton\/","title":{"rendered":"T-shirt One Cotton"},"content":{"rendered":"<p>JAKO Dots sur l'\u00e9paule<br \/>\nId\u00e9al pour la finition<br \/>\nLogo JAKO sur la poitrine droite<br \/>\nJersey simple<br \/>\n60 % coton (bio), 40 % polyester (recycl\u00e9)<\/p>","protected":false},"excerpt":{"rendered":"<p>JAKO Dots sur l'\u00e9paule Id\u00e9al pour la d\u00e9coration Logo JAKO sur la poitrine droite Jersey simple 60 % coton (bio), 40 % polyester (recycl\u00e9)<\/p>","protected":false},"featured_media":677960,"template":"","meta":[],"product_brand":[],"product_cat":[4201],"product_tag":[],"class_list":{"0":"post-677904","1":"product","2":"type-product","3":"status-publish","4":"has-post-thumbnail","6":"product_cat-t-shirts","7":"pa_brand-jako","8":"pa_brand-type-sportswear","9":"pa_filter-color-blau","10":"pa_filter-color-gelb","11":"pa_filter-color-grau","12":"pa_filter-color-gruen","13":"pa_filter-color-orange","14":"pa_filter-color-pink","15":"pa_filter-color-rot","16":"pa_filter-color-schwarz","17":"pa_filter-color-violet","18":"pa_filter-color-weiss","20":"first","21":"instock","22":"sale","23":"taxable","24":"shipping-taxable","25":"purchasable","26":"product-type-variable","27":"add-to-wishlist-before_image"},"exclude_global_add_ons":[],"addons":[],"acf":[],"_links":{"self":[{"href":"https:\/\/shop.kustom.ch\/fr\/wp-json\/wp\/v2\/product\/677904"}],"collection":[{"href":"https:\/\/shop.kustom.ch\/fr\/wp-json\/wp\/v2\/product"}],"about":[{"href":"https:\/\/shop.kustom.ch\/fr\/wp-json\/wp\/v2\/types\/product"}],"wp:featuredmedia":[{"embeddable":true,"href":"https:\/\/shop.kustom.ch\/fr\/wp-json\/wp\/v2\/media\/677960"}],"wp:attachment":[{"href":"https:\/\/shop.kustom.ch\/fr\/wp-json\/wp\/v2\/media?parent=677904"}],"wp:term":[{"taxonomy":"product_brand","embeddable":true,"href":"https:\/\/shop.kustom.ch\/fr\/wp-json\/wp\/v2\/product_brand?post=677904"},{"taxonomy":"product_cat","embeddable":true,"href":"https:\/\/shop.kustom.ch\/fr\/wp-json\/wp\/v2\/product_cat?post=677904"},{"taxonomy":"product_tag","embeddable":true,"href":"https:\/\/shop.kustom.ch\/fr\/wp-json\/wp\/v2\/product_tag?post=677904"}],"curies":[{"name":"wp","href":"https:\/\/api.w.org\/{rel}","templated":true}]}}