{"id":677535,"date":"2026-01-29T14:33:09","date_gmt":"2026-01-29T13:33:09","guid":{"rendered":"https:\/\/shop.kustom.ch\/?post_type=product&#038;p=677535"},"modified":"2026-03-31T15:53:34","modified_gmt":"2026-03-31T14:53:34","slug":"sneaker-urban-stage","status":"publish","type":"product","link":"https:\/\/shop.kustom.ch\/fr\/produit\/sneaker-urban-stage\/","title":{"rendered":"Baskets Urban Stage"},"content":{"rendered":"<p>Mati\u00e8re \u00e0 s\u00e9chage rapide gr\u00e2ce \u00e0 la technologie Fast-Dry Lining<br \/>\nSemelles respirantes, amortissantes et ind\u00e9formables<br \/>\nla doublure est lavable<br \/>\nId\u00e9al pour la finition<\/p>","protected":false},"excerpt":{"rendered":"<p>Schnelltrocknendes Material durch Fast-Dry Lining Technologie Atmungsaktive, d\u00e4mpfende und formstabile Einlagen Einlage ist waschbar Ideal zum Veredeln<\/p>","protected":false},"featured_media":677583,"template":"","meta":[],"product_brand":[],"product_cat":[4197,4209],"product_tag":[],"class_list":{"0":"post-677535","1":"product","2":"type-product","3":"status-publish","4":"has-post-thumbnail","6":"product_cat-schuhe-sandalen","7":"product_cat-zubehoer","8":"pa_brand-jako","9":"pa_brand-type-sportswear","10":"pa_filter-color-schwarz","11":"pa_filter-color-weiss","13":"first","14":"instock","15":"sale","16":"taxable","17":"shipping-taxable","18":"purchasable","19":"product-type-variable","20":"add-to-wishlist-before_image"},"exclude_global_add_ons":[],"addons":[],"acf":[],"_links":{"self":[{"href":"https:\/\/shop.kustom.ch\/fr\/wp-json\/wp\/v2\/product\/677535"}],"collection":[{"href":"https:\/\/shop.kustom.ch\/fr\/wp-json\/wp\/v2\/product"}],"about":[{"href":"https:\/\/shop.kustom.ch\/fr\/wp-json\/wp\/v2\/types\/product"}],"wp:featuredmedia":[{"embeddable":true,"href":"https:\/\/shop.kustom.ch\/fr\/wp-json\/wp\/v2\/media\/677583"}],"wp:attachment":[{"href":"https:\/\/shop.kustom.ch\/fr\/wp-json\/wp\/v2\/media?parent=677535"}],"wp:term":[{"taxonomy":"product_brand","embeddable":true,"href":"https:\/\/shop.kustom.ch\/fr\/wp-json\/wp\/v2\/product_brand?post=677535"},{"taxonomy":"product_cat","embeddable":true,"href":"https:\/\/shop.kustom.ch\/fr\/wp-json\/wp\/v2\/product_cat?post=677535"},{"taxonomy":"product_tag","embeddable":true,"href":"https:\/\/shop.kustom.ch\/fr\/wp-json\/wp\/v2\/product_tag?post=677535"}],"curies":[{"name":"wp","href":"https:\/\/api.w.org\/{rel}","templated":true}]}}