{"id":677472,"date":"2026-01-29T14:32:49","date_gmt":"2026-01-29T13:32:49","guid":{"rendered":"https:\/\/shop.kustom.ch\/?post_type=product&#038;p=677472"},"modified":"2026-04-08T15:02:55","modified_gmt":"2026-04-08T14:02:55","slug":"jakolette-jako-ii","status":"publish","type":"product","link":"https:\/\/shop.kustom.ch\/fr\/produit\/jakolette-jako-ii\/","title":{"rendered":"Jakolette JAKO II"},"content":{"rendered":"<p>Sandale de douche avec vo\u00fbte plantaire pr\u00e9form\u00e9e<br \/>\nMati\u00e8re \u00e0 s\u00e9chage rapide gr\u00e2ce \u00e0 la technologie Fast-Dry Lining<br \/>\nSemelle antid\u00e9rapante<\/p>","protected":false},"excerpt":{"rendered":"<p>Duschsandale mit vorgeformtem Fussbett Schnelltrocknendes Material durch Fast-Dry Lining Technologie Rutschfeste Sohle<\/p>","protected":false},"featured_media":677477,"template":"","meta":[],"product_brand":[],"product_cat":[4197,4209],"product_tag":[],"class_list":{"0":"post-677472","1":"product","2":"type-product","3":"status-publish","4":"has-post-thumbnail","6":"product_cat-schuhe-sandalen","7":"product_cat-zubehoer","8":"pa_brand-jako","9":"pa_brand-type-sportswear","10":"pa_filter-color-blau","11":"pa_filter-color-gelb","12":"pa_filter-color-rot","13":"pa_filter-color-schwarz","14":"pa_filter-color-weiss","16":"first","17":"instock","18":"sale","19":"taxable","20":"shipping-taxable","21":"purchasable","22":"product-type-variable","23":"add-to-wishlist-before_image"},"exclude_global_add_ons":[],"addons":[],"acf":[],"_links":{"self":[{"href":"https:\/\/shop.kustom.ch\/fr\/wp-json\/wp\/v2\/product\/677472"}],"collection":[{"href":"https:\/\/shop.kustom.ch\/fr\/wp-json\/wp\/v2\/product"}],"about":[{"href":"https:\/\/shop.kustom.ch\/fr\/wp-json\/wp\/v2\/types\/product"}],"wp:featuredmedia":[{"embeddable":true,"href":"https:\/\/shop.kustom.ch\/fr\/wp-json\/wp\/v2\/media\/677477"}],"wp:attachment":[{"href":"https:\/\/shop.kustom.ch\/fr\/wp-json\/wp\/v2\/media?parent=677472"}],"wp:term":[{"taxonomy":"product_brand","embeddable":true,"href":"https:\/\/shop.kustom.ch\/fr\/wp-json\/wp\/v2\/product_brand?post=677472"},{"taxonomy":"product_cat","embeddable":true,"href":"https:\/\/shop.kustom.ch\/fr\/wp-json\/wp\/v2\/product_cat?post=677472"},{"taxonomy":"product_tag","embeddable":true,"href":"https:\/\/shop.kustom.ch\/fr\/wp-json\/wp\/v2\/product_tag?post=677472"}],"curies":[{"name":"wp","href":"https:\/\/api.w.org\/{rel}","templated":true}]}}