{"id":677361,"date":"2026-01-29T14:31:56","date_gmt":"2026-01-29T13:31:56","guid":{"rendered":"https:\/\/shop.kustom.ch\/?post_type=product&#038;p=677361"},"modified":"2026-03-31T15:53:01","modified_gmt":"2026-03-31T14:53:01","slug":"laufschuh-riverpulse","status":"publish","type":"product","link":"https:\/\/shop.kustom.ch\/fr\/produit\/laufschuh-riverpulse\/","title":{"rendered":"Chaussure de course RiverPulse"},"content":{"rendered":"<p>Mati\u00e8re \u00e0 s\u00e9chage rapide gr\u00e2ce \u00e0 la technologie Fast-Dry Lining<br \/>\nSemelles respirantes, amortissantes et ind\u00e9formables<br \/>\nSemelle ext\u00e9rieure avec une adh\u00e9rence optimale\u00a0<br \/>\nSemelle intercalaire en EVA ShockAbsorb avec des propri\u00e9t\u00e9s d'amortissement optimales<br \/>\nInserts en mesh respirant<br \/>\nla doublure est lavable<\/p>","protected":false},"excerpt":{"rendered":"<p>Schnelltrocknendes Material durch Fast-Dry Lining Technologie Atmungsaktive, d\u00e4mpfende und formstabile Einlagen Aussensohle mit optimaler Bodenhaftung\u00a0 ShockAbsorb EVA-Zwischensohle mit optimalen D\u00e4mpfungseigenschaften Atmungsaktive Mesheins\u00e4tze Einlage ist waschbar<\/p>","protected":false},"featured_media":677407,"template":"","meta":[],"product_brand":[],"product_cat":[4197,4209],"product_tag":[],"class_list":{"0":"post-677361","1":"product","2":"type-product","3":"status-publish","4":"has-post-thumbnail","6":"product_cat-schuhe-sandalen","7":"product_cat-zubehoer","8":"pa_brand-jako","9":"pa_brand-type-sportswear","10":"pa_filter-color-grau","11":"pa_filter-color-schwarz","12":"pa_filter-color-weiss","14":"first","15":"instock","16":"sale","17":"taxable","18":"shipping-taxable","19":"purchasable","20":"product-type-variable","21":"add-to-wishlist-before_image"},"exclude_global_add_ons":[],"addons":[],"acf":[],"_links":{"self":[{"href":"https:\/\/shop.kustom.ch\/fr\/wp-json\/wp\/v2\/product\/677361"}],"collection":[{"href":"https:\/\/shop.kustom.ch\/fr\/wp-json\/wp\/v2\/product"}],"about":[{"href":"https:\/\/shop.kustom.ch\/fr\/wp-json\/wp\/v2\/types\/product"}],"wp:featuredmedia":[{"embeddable":true,"href":"https:\/\/shop.kustom.ch\/fr\/wp-json\/wp\/v2\/media\/677407"}],"wp:attachment":[{"href":"https:\/\/shop.kustom.ch\/fr\/wp-json\/wp\/v2\/media?parent=677361"}],"wp:term":[{"taxonomy":"product_brand","embeddable":true,"href":"https:\/\/shop.kustom.ch\/fr\/wp-json\/wp\/v2\/product_brand?post=677361"},{"taxonomy":"product_cat","embeddable":true,"href":"https:\/\/shop.kustom.ch\/fr\/wp-json\/wp\/v2\/product_cat?post=677361"},{"taxonomy":"product_tag","embeddable":true,"href":"https:\/\/shop.kustom.ch\/fr\/wp-json\/wp\/v2\/product_tag?post=677361"}],"curies":[{"name":"wp","href":"https:\/\/api.w.org\/{rel}","templated":true}]}}