{"id":677360,"date":"2026-01-29T14:31:55","date_gmt":"2026-01-29T13:31:55","guid":{"rendered":"https:\/\/shop.kustom.ch\/?post_type=product&#038;p=677360"},"modified":"2026-03-31T15:52:58","modified_gmt":"2026-03-31T14:52:58","slug":"laufschuh-riverflow-lite","status":"publish","type":"product","link":"https:\/\/shop.kustom.ch\/fr\/produit\/laufschuh-riverflow-lite\/","title":{"rendered":"Chaussure de course RiverFlow Lite"},"content":{"rendered":"<p>Mati\u00e8re \u00e0 s\u00e9chage rapide gr\u00e2ce \u00e0 la technologie Fast-Dry Lining<br \/>\nInserts en mesh respirant<br \/>\nSemelle intercalaire en EVA ShockAbsorb avec des propri\u00e9t\u00e9s d'amortissement optimales<br \/>\nSemelle interm\u00e9diaire eTPU pour une r\u00e9cup\u00e9ration d'\u00e9nergie \u00e9lev\u00e9e et un amorti confortable<br \/>\nSemelle ext\u00e9rieure avec une adh\u00e9rence optimale\u00a0<br \/>\nSemelles respirantes, amortissantes et ind\u00e9formables<br \/>\nla doublure est lavable<br \/>\nDessus : Textile + Synth\u00e9tique<br \/>\nDoublure : Textile<br \/>\nSemelle int\u00e9rieure : Textile + Synth\u00e9tique<br \/>\nSemelle ext\u00e9rieure : Synth\u00e9tique<\/p>","protected":false},"excerpt":{"rendered":"<p>Schnelltrocknendes Material durch Fast-Dry Lining Technologie Atmungsaktive Mesheins\u00e4tze ShockAbsorb EVA-Zwischensohle mit optimalen D\u00e4mpfungseigenschaften eTPU Zwischensohle f\u00fcr hohe Energier\u00fcckgewinnung und komfortable D\u00e4mpfung Aussensohle mit optimaler Bodenhaftung\u00a0 Atmungsaktive, d\u00e4mpfende und formstabile Einlagen Einlage ist waschbar Obermaterial: Textile + Synthetic Futter: Textile Innensohle: Textile + Synthetic Laufsohle: Synthetic<\/p>","protected":false},"featured_media":677394,"template":"","meta":[],"product_brand":[],"product_cat":[4197,4209],"product_tag":[],"class_list":{"0":"post-677360","1":"product","2":"type-product","3":"status-publish","4":"has-post-thumbnail","6":"product_cat-schuhe-sandalen","7":"product_cat-zubehoer","8":"pa_brand-jako","9":"pa_brand-type-sportswear","10":"pa_filter-color-grau","11":"pa_filter-color-weiss","13":"first","14":"instock","15":"sale","16":"taxable","17":"shipping-taxable","18":"purchasable","19":"product-type-variable","20":"add-to-wishlist-before_image"},"exclude_global_add_ons":[],"addons":[],"acf":[],"_links":{"self":[{"href":"https:\/\/shop.kustom.ch\/fr\/wp-json\/wp\/v2\/product\/677360"}],"collection":[{"href":"https:\/\/shop.kustom.ch\/fr\/wp-json\/wp\/v2\/product"}],"about":[{"href":"https:\/\/shop.kustom.ch\/fr\/wp-json\/wp\/v2\/types\/product"}],"wp:featuredmedia":[{"embeddable":true,"href":"https:\/\/shop.kustom.ch\/fr\/wp-json\/wp\/v2\/media\/677394"}],"wp:attachment":[{"href":"https:\/\/shop.kustom.ch\/fr\/wp-json\/wp\/v2\/media?parent=677360"}],"wp:term":[{"taxonomy":"product_brand","embeddable":true,"href":"https:\/\/shop.kustom.ch\/fr\/wp-json\/wp\/v2\/product_brand?post=677360"},{"taxonomy":"product_cat","embeddable":true,"href":"https:\/\/shop.kustom.ch\/fr\/wp-json\/wp\/v2\/product_cat?post=677360"},{"taxonomy":"product_tag","embeddable":true,"href":"https:\/\/shop.kustom.ch\/fr\/wp-json\/wp\/v2\/product_tag?post=677360"}],"curies":[{"name":"wp","href":"https:\/\/api.w.org\/{rel}","templated":true}]}}