{"id":677359,"date":"2026-01-29T14:31:55","date_gmt":"2026-01-29T13:31:55","guid":{"rendered":"https:\/\/shop.kustom.ch\/?post_type=product&#038;p=677359"},"modified":"2026-03-31T15:52:55","modified_gmt":"2026-03-31T14:52:55","slug":"sportschuh-iconrush-id-junior","status":"publish","type":"product","link":"https:\/\/shop.kustom.ch\/fr\/produit\/sportschuh-iconrush-id-junior\/","title":{"rendered":"Chaussure de sport Iconrush ID Junior"},"content":{"rendered":"<p>Mati\u00e8re \u00e0 s\u00e9chage rapide gr\u00e2ce \u00e0 la technologie Fast-Dry Lining<br \/>\nSemelle ext\u00e9rieure avec une adh\u00e9rence optimale\u00a0<br \/>\nSemelles extra pour salles sans effet d'abrasion<br \/>\nInserts en mesh respirant<\/p>","protected":false},"excerpt":{"rendered":"<p>Schnelltrocknendes Material durch Fast-Dry Lining Technologie Aussensohle mit optimaler Bodenhaftung\u00a0 Extra Hallensohlen ohne Abriebeffekt Atmungsaktive Mesheins\u00e4tze<\/p>","protected":false},"featured_media":677366,"template":"","meta":[],"product_brand":[],"product_cat":[4197,4209],"product_tag":[],"class_list":{"0":"post-677359","1":"product","2":"type-product","3":"status-publish","4":"has-post-thumbnail","6":"product_cat-schuhe-sandalen","7":"product_cat-zubehoer","8":"pa_brand-jako","9":"pa_brand-type-sportswear","10":"pa_filter-color-blau","11":"pa_filter-color-weiss","13":"first","14":"instock","15":"sale","16":"taxable","17":"shipping-taxable","18":"purchasable","19":"product-type-variable","20":"add-to-wishlist-before_image"},"exclude_global_add_ons":[],"addons":[],"acf":[],"_links":{"self":[{"href":"https:\/\/shop.kustom.ch\/fr\/wp-json\/wp\/v2\/product\/677359"}],"collection":[{"href":"https:\/\/shop.kustom.ch\/fr\/wp-json\/wp\/v2\/product"}],"about":[{"href":"https:\/\/shop.kustom.ch\/fr\/wp-json\/wp\/v2\/types\/product"}],"wp:featuredmedia":[{"embeddable":true,"href":"https:\/\/shop.kustom.ch\/fr\/wp-json\/wp\/v2\/media\/677366"}],"wp:attachment":[{"href":"https:\/\/shop.kustom.ch\/fr\/wp-json\/wp\/v2\/media?parent=677359"}],"wp:term":[{"taxonomy":"product_brand","embeddable":true,"href":"https:\/\/shop.kustom.ch\/fr\/wp-json\/wp\/v2\/product_brand?post=677359"},{"taxonomy":"product_cat","embeddable":true,"href":"https:\/\/shop.kustom.ch\/fr\/wp-json\/wp\/v2\/product_cat?post=677359"},{"taxonomy":"product_tag","embeddable":true,"href":"https:\/\/shop.kustom.ch\/fr\/wp-json\/wp\/v2\/product_tag?post=677359"}],"curies":[{"name":"wp","href":"https:\/\/api.w.org\/{rel}","templated":true}]}}