{"id":677294,"date":"2026-01-29T14:31:28","date_gmt":"2026-01-29T13:31:28","guid":{"rendered":"https:\/\/shop.kustom.ch\/?post_type=product&#038;p=677294"},"modified":"2026-03-31T15:52:39","modified_gmt":"2026-03-31T14:52:39","slug":"sporthose-retro","status":"publish","type":"product","link":"https:\/\/shop.kustom.ch\/fr\/produit\/sporthose-retro\/","title":{"rendered":"Pantalon de sport r\u00e9tro"},"content":{"rendered":"<p>Logo r\u00e9tro JAKO de l'ann\u00e9e 1992<br \/>\nFente lat\u00e9rale<br \/>\nCeinture \u00e9lastique avec cordon de serrage<br \/>\nSans slip int\u00e9rieur<br \/>\nJacquard en polyester<br \/>\n100 % polyester (recycl\u00e9)<\/p>","protected":false},"excerpt":{"rendered":"<p>JAKO Retro Logo aus dem Jahr 1992 Seitlicher Schlitz Elastischer Bund mit Kordelzug Ohne Innenslip Polyester-Jacquard 100 % Polyester (recycelt)<\/p>","protected":false},"featured_media":677300,"template":"","meta":[],"product_brand":[],"product_cat":[4198],"product_tag":[],"class_list":{"0":"post-677294","1":"product","2":"type-product","3":"status-publish","4":"has-post-thumbnail","6":"product_cat-shorts","7":"pa_brand-jako","8":"pa_brand-type-sportswear","9":"pa_filter-color-blau","10":"pa_filter-color-gruen","11":"pa_filter-color-rot","12":"pa_filter-color-schwarz","14":"first","15":"instock","16":"sale","17":"taxable","18":"shipping-taxable","19":"purchasable","20":"product-type-variable","21":"add-to-wishlist-before_image"},"exclude_global_add_ons":[],"addons":[],"acf":[],"_links":{"self":[{"href":"https:\/\/shop.kustom.ch\/fr\/wp-json\/wp\/v2\/product\/677294"}],"collection":[{"href":"https:\/\/shop.kustom.ch\/fr\/wp-json\/wp\/v2\/product"}],"about":[{"href":"https:\/\/shop.kustom.ch\/fr\/wp-json\/wp\/v2\/types\/product"}],"wp:featuredmedia":[{"embeddable":true,"href":"https:\/\/shop.kustom.ch\/fr\/wp-json\/wp\/v2\/media\/677300"}],"wp:attachment":[{"href":"https:\/\/shop.kustom.ch\/fr\/wp-json\/wp\/v2\/media?parent=677294"}],"wp:term":[{"taxonomy":"product_brand","embeddable":true,"href":"https:\/\/shop.kustom.ch\/fr\/wp-json\/wp\/v2\/product_brand?post=677294"},{"taxonomy":"product_cat","embeddable":true,"href":"https:\/\/shop.kustom.ch\/fr\/wp-json\/wp\/v2\/product_cat?post=677294"},{"taxonomy":"product_tag","embeddable":true,"href":"https:\/\/shop.kustom.ch\/fr\/wp-json\/wp\/v2\/product_tag?post=677294"}],"curies":[{"name":"wp","href":"https:\/\/api.w.org\/{rel}","templated":true}]}}