{"id":677057,"date":"2026-01-29T14:30:07","date_gmt":"2026-01-29T13:30:07","guid":{"rendered":"https:\/\/shop.kustom.ch\/?post_type=product&#038;p=677057"},"modified":"2026-03-31T15:52:12","modified_gmt":"2026-03-31T14:52:12","slug":"trikot-retro-ka","status":"publish","type":"product","link":"https:\/\/shop.kustom.ch\/fr\/produit\/trikot-retro-ka\/","title":{"rendered":"Maillot Retro KA"},"content":{"rendered":"<p>Id\u00e9al pour la finition<br \/>\nLogo r\u00e9tro JAKO de l'ann\u00e9e 1992<br \/>\nBas des manches avec bord-c\u00f4te<br \/>\nCol c\u00f4tel\u00e9 avec encolure en V<br \/>\nJacquard en polyester<br \/>\n100 % polyester (recycl\u00e9)<\/p>","protected":false},"excerpt":{"rendered":"<p>Id\u00e9al pour la personnalisation Logo JAKO r\u00e9tro de 1992 Bas des manches avec c\u00f4tes Col c\u00f4tel\u00e9 avec encolure en V Polyester-Jacquard 100 % Polyester (recycl\u00e9)<\/p>","protected":false},"featured_media":677100,"template":"","meta":[],"product_brand":[],"product_cat":[4205],"product_tag":[],"class_list":{"0":"post-677057","1":"product","2":"type-product","3":"status-publish","4":"has-post-thumbnail","6":"product_cat-trikots","7":"pa_brand-jako","8":"pa_brand-type-sportswear","9":"pa_filter-color-blau","10":"pa_filter-color-gelb","11":"pa_filter-color-gruen","12":"pa_filter-color-rot","13":"pa_filter-color-schwarz","14":"pa_filter-color-weiss","16":"first","17":"instock","18":"sale","19":"taxable","20":"shipping-taxable","21":"purchasable","22":"product-type-variable","23":"add-to-wishlist-before_image"},"exclude_global_add_ons":[],"addons":[],"acf":[],"_links":{"self":[{"href":"https:\/\/shop.kustom.ch\/fr\/wp-json\/wp\/v2\/product\/677057"}],"collection":[{"href":"https:\/\/shop.kustom.ch\/fr\/wp-json\/wp\/v2\/product"}],"about":[{"href":"https:\/\/shop.kustom.ch\/fr\/wp-json\/wp\/v2\/types\/product"}],"wp:featuredmedia":[{"embeddable":true,"href":"https:\/\/shop.kustom.ch\/fr\/wp-json\/wp\/v2\/media\/677100"}],"wp:attachment":[{"href":"https:\/\/shop.kustom.ch\/fr\/wp-json\/wp\/v2\/media?parent=677057"}],"wp:term":[{"taxonomy":"product_brand","embeddable":true,"href":"https:\/\/shop.kustom.ch\/fr\/wp-json\/wp\/v2\/product_brand?post=677057"},{"taxonomy":"product_cat","embeddable":true,"href":"https:\/\/shop.kustom.ch\/fr\/wp-json\/wp\/v2\/product_cat?post=677057"},{"taxonomy":"product_tag","embeddable":true,"href":"https:\/\/shop.kustom.ch\/fr\/wp-json\/wp\/v2\/product_tag?post=677057"}],"curies":[{"name":"wp","href":"https:\/\/api.w.org\/{rel}","templated":true}]}}