{"id":676657,"date":"2026-01-29T14:26:35","date_gmt":"2026-01-29T13:26:35","guid":{"rendered":"https:\/\/shop.kustom.ch\/?post_type=product&#038;p=676657"},"modified":"2026-03-31T15:50:53","modified_gmt":"2026-03-31T14:50:53","slug":"schienbeinschoner-river-pro","status":"publish","type":"product","link":"https:\/\/shop.kustom.ch\/fr\/produit\/schienbeinschoner-river-pro\/","title":{"rendered":"Prot\u00e8ge-tibias River Pro"},"content":{"rendered":"<p>Prot\u00e8ge-tibias l\u00e9gers \u00e0 ins\u00e9rer<br \/>\nBas \u00e9lastique de fixation<br \/>\nCoque rigide ergonomique avec mousse EVA pour un confort optimal<\/p>","protected":false},"excerpt":{"rendered":"<p>Leichter Schienbeinschoner zum Einschieben Elastischer Strumpf zur Fixierung Ergonomisch geformte Hartschale mit EVA-Schaum f\u00fcr optimalen Tragekomfort<\/p>","protected":false},"featured_media":676713,"template":"","meta":[],"product_brand":[],"product_cat":[4196],"product_tag":[],"class_list":{"0":"post-676657","1":"product","2":"type-product","3":"status-publish","4":"has-post-thumbnail","6":"product_cat-schienbeinschoner","7":"pa_brand-jako","8":"pa_brand-type-sportswear","9":"pa_filter-color-grau","10":"pa_filter-color-weiss","12":"first","13":"instock","14":"sale","15":"taxable","16":"shipping-taxable","17":"purchasable","18":"product-type-variable","19":"add-to-wishlist-before_image"},"exclude_global_add_ons":[],"addons":[],"acf":[],"_links":{"self":[{"href":"https:\/\/shop.kustom.ch\/fr\/wp-json\/wp\/v2\/product\/676657"}],"collection":[{"href":"https:\/\/shop.kustom.ch\/fr\/wp-json\/wp\/v2\/product"}],"about":[{"href":"https:\/\/shop.kustom.ch\/fr\/wp-json\/wp\/v2\/types\/product"}],"wp:featuredmedia":[{"embeddable":true,"href":"https:\/\/shop.kustom.ch\/fr\/wp-json\/wp\/v2\/media\/676713"}],"wp:attachment":[{"href":"https:\/\/shop.kustom.ch\/fr\/wp-json\/wp\/v2\/media?parent=676657"}],"wp:term":[{"taxonomy":"product_brand","embeddable":true,"href":"https:\/\/shop.kustom.ch\/fr\/wp-json\/wp\/v2\/product_brand?post=676657"},{"taxonomy":"product_cat","embeddable":true,"href":"https:\/\/shop.kustom.ch\/fr\/wp-json\/wp\/v2\/product_cat?post=676657"},{"taxonomy":"product_tag","embeddable":true,"href":"https:\/\/shop.kustom.ch\/fr\/wp-json\/wp\/v2\/product_tag?post=676657"}],"curies":[{"name":"wp","href":"https:\/\/api.w.org\/{rel}","templated":true}]}}