{"id":676580,"date":"2026-01-29T14:25:01","date_gmt":"2026-01-29T13:25:01","guid":{"rendered":"https:\/\/shop.kustom.ch\/?post_type=product&#038;p=676580"},"modified":"2026-03-31T15:50:07","modified_gmt":"2026-03-31T14:50:07","slug":"sporttasche-one-mit-bodenfach","status":"publish","type":"product","link":"https:\/\/shop.kustom.ch\/fr\/produit\/sporttasche-one-mit-bodenfach\/","title":{"rendered":"Sac de sport One avec compartiment inf\u00e9rieur"},"content":{"rendered":"<p>Compartiment principal spacieux avec fermeture \u00e9clair bidirectionnelle sur le pourtour<br \/>\nCompartiment inf\u00e9rieur int\u00e9gr\u00e9<br \/>\npoche int\u00e9rieure avec fermeture \u00e9clair<br \/>\nPoches lat\u00e9rales zipp\u00e9es<br \/>\nSenior 62 x 32 x 42 cm (LxlxH)<br \/>\nPolyester 600 D<br \/>\n100 % polyester (recycl\u00e9)<\/p>","protected":false},"excerpt":{"rendered":"<p>Ger\u00e4umiges Hauptfach mit umlaufendem 2-Wege-Reissverschluss Integriertes Bodenfach Innentasche mit Reissverschluss Seitliche Reissverschlusstaschen Senior 62 x 32 x 42 cm (LxBxH) Polyester 600 D 100 % Polyester (recycelt)<\/p>","protected":false},"featured_media":676640,"template":"","meta":[],"product_brand":[],"product_cat":[4195,4209],"product_tag":[],"class_list":{"0":"post-676580","1":"product","2":"type-product","3":"status-publish","4":"has-post-thumbnail","6":"product_cat-rucksaecke-taschen","7":"product_cat-zubehoer","8":"pa_brand-jako","9":"pa_brand-type-sportswear","10":"pa_filter-color-blau","11":"pa_filter-color-grau","12":"pa_filter-color-gruen","13":"pa_filter-color-rot","14":"pa_filter-color-schwarz","16":"first","17":"instock","18":"sale","19":"taxable","20":"shipping-taxable","21":"purchasable","22":"product-type-variable","23":"add-to-wishlist-before_image"},"exclude_global_add_ons":[],"addons":[],"acf":[],"_links":{"self":[{"href":"https:\/\/shop.kustom.ch\/fr\/wp-json\/wp\/v2\/product\/676580"}],"collection":[{"href":"https:\/\/shop.kustom.ch\/fr\/wp-json\/wp\/v2\/product"}],"about":[{"href":"https:\/\/shop.kustom.ch\/fr\/wp-json\/wp\/v2\/types\/product"}],"wp:featuredmedia":[{"embeddable":true,"href":"https:\/\/shop.kustom.ch\/fr\/wp-json\/wp\/v2\/media\/676640"}],"wp:attachment":[{"href":"https:\/\/shop.kustom.ch\/fr\/wp-json\/wp\/v2\/media?parent=676580"}],"wp:term":[{"taxonomy":"product_brand","embeddable":true,"href":"https:\/\/shop.kustom.ch\/fr\/wp-json\/wp\/v2\/product_brand?post=676580"},{"taxonomy":"product_cat","embeddable":true,"href":"https:\/\/shop.kustom.ch\/fr\/wp-json\/wp\/v2\/product_cat?post=676580"},{"taxonomy":"product_tag","embeddable":true,"href":"https:\/\/shop.kustom.ch\/fr\/wp-json\/wp\/v2\/product_tag?post=676580"}],"curies":[{"name":"wp","href":"https:\/\/api.w.org\/{rel}","templated":true}]}}