{"id":676578,"date":"2026-01-29T14:25:01","date_gmt":"2026-01-29T13:25:01","guid":{"rendered":"https:\/\/shop.kustom.ch\/?post_type=product&#038;p=676578"},"modified":"2026-03-31T15:49:32","modified_gmt":"2026-03-31T14:49:32","slug":"rucksack-allround","status":"publish","type":"product","link":"https:\/\/shop.kustom.ch\/fr\/produit\/rucksack-allround\/","title":{"rendered":"Sac \u00e0 dos Allround"},"content":{"rendered":"<p>Compartiment principal spacieux avec compartiment pour ordinateur portable rembourr\u00e9 int\u00e9gr\u00e9<br \/>\npoche int\u00e9rieure avec fermeture \u00e9clair<br \/>\nPoche zipp\u00e9e cach\u00e9e \u00e0 l'arri\u00e8re<br \/>\nPoche avant zipp\u00e9e<br \/>\nDos rembourr\u00e9 et surpiqu\u00e9 et bretelles rembourr\u00e9es<br \/>\npossibilit\u00e9 de fixation pour les valises de voyage<br \/>\nAvec fermeture roll-top<br \/>\n32 x 15 x 62 cm (L x l x H)<br \/>\nId\u00e9al pour la finition<br \/>\nPolyester 600 D<br \/>\n100 % polyester (recycl\u00e9)<\/p>","protected":false},"excerpt":{"rendered":"<p>Ger\u00e4umiges Hauptfach mit integriertem gepolstertem Laptopfach Innentasche mit Reissverschluss Versteckte Reissverschlusstasche auf der R\u00fcckseite Vorderes Einschubfach mit Reissverschluss Gepolsterter, abgesteppter R\u00fccken sowie gepolsterte Tragegurte Befestigungsm\u00f6glichkeit f\u00fcr Reisekoffer Mit Rolltop-Verschluss 32 x 15 x 62 cm (LxBxH) Ideal zum Veredeln Polyester 600 D 100 % Polyester (recycelt)<\/p>","protected":false},"featured_media":676613,"template":"","meta":[],"product_brand":[],"product_cat":[4195,4209],"product_tag":[],"class_list":{"0":"post-676578","1":"product","2":"type-product","3":"status-publish","4":"has-post-thumbnail","6":"product_cat-rucksaecke-taschen","7":"product_cat-zubehoer","8":"pa_brand-jako","9":"pa_brand-type-sportswear","10":"pa_filter-color-schwarz","12":"first","13":"instock","14":"sale","15":"taxable","16":"shipping-taxable","17":"purchasable","18":"product-type-variable","19":"add-to-wishlist-before_image"},"exclude_global_add_ons":[],"addons":[],"acf":[],"_links":{"self":[{"href":"https:\/\/shop.kustom.ch\/fr\/wp-json\/wp\/v2\/product\/676578"}],"collection":[{"href":"https:\/\/shop.kustom.ch\/fr\/wp-json\/wp\/v2\/product"}],"about":[{"href":"https:\/\/shop.kustom.ch\/fr\/wp-json\/wp\/v2\/types\/product"}],"wp:featuredmedia":[{"embeddable":true,"href":"https:\/\/shop.kustom.ch\/fr\/wp-json\/wp\/v2\/media\/676613"}],"wp:attachment":[{"href":"https:\/\/shop.kustom.ch\/fr\/wp-json\/wp\/v2\/media?parent=676578"}],"wp:term":[{"taxonomy":"product_brand","embeddable":true,"href":"https:\/\/shop.kustom.ch\/fr\/wp-json\/wp\/v2\/product_brand?post=676578"},{"taxonomy":"product_cat","embeddable":true,"href":"https:\/\/shop.kustom.ch\/fr\/wp-json\/wp\/v2\/product_cat?post=676578"},{"taxonomy":"product_tag","embeddable":true,"href":"https:\/\/shop.kustom.ch\/fr\/wp-json\/wp\/v2\/product_tag?post=676578"}],"curies":[{"name":"wp","href":"https:\/\/api.w.org\/{rel}","templated":true}]}}