{"id":674883,"date":"2025-11-07T08:30:52","date_gmt":"2025-11-07T07:30:52","guid":{"rendered":"https:\/\/shop.kustom.ch\/?post_type=product&#038;p=674883"},"modified":"2025-11-07T08:57:26","modified_gmt":"2025-11-07T07:57:26","slug":"goalie-trikot-herren-1-mit-name-und-nummer","status":"publish","type":"product","link":"https:\/\/shop.kustom.ch\/fr\/produit\/goalie-trikot-herren-1-mit-name-und-nummer\/","title":{"rendered":"Goalie Maillot Hommes 1 avec nom et num\u00e9ro"},"content":{"rendered":"<ul>\n<li>Sweat-shirt fonctionnel pour le sport et le quotidien.<\/li>\n<li>Mat\u00e9riau fonctionnel r\u00e9sistant<\/li>\n<li>Coupe raglan et empi\u00e8cements \u00e9lastiques pour une totale libert\u00e9 de mouvement<\/li>\n<li>Encolure ronde \u00e0 c\u00f4tes<\/li>\n<li>Larges bords-c\u00f4tes aux manches et \u00e0 l'ourlet<\/li>\n<li>Design styl\u00e9 sur les manches avec effet 3D<\/li>\n<li>Piping de couleur contrast\u00e9e sur les manches<\/li>\n<\/ul>\n<p>Mat\u00e9riau : polyester 100%<\/p>\n<p>Avec le logo, le nom et le num\u00e9ro du TSV Fortitudo<\/p>","protected":false},"excerpt":{"rendered":"<p>Sweat-shirt fonctionnel pour le sport et la vie quotidienne. Mati\u00e8re fonctionnelle r\u00e9sistante Coupe raglan et empi\u00e8cements \u00e9lastiques pour une totale libert\u00e9 de mouvement Col rond c\u00f4tel\u00e9 Larges bords-c\u00f4tes aux manches et \u00e0 l'ourlet Design styl\u00e9 sur les manches avec effet 3D Piping contrast\u00e9 sur les manches Mati\u00e8re : 100% polyester Avec logo TSV Fortitudo, nom et num\u00e9ro<\/p>","protected":false},"featured_media":674911,"template":"","meta":[],"product_brand":[],"product_cat":[11568],"product_tag":[],"class_list":{"0":"post-674883","1":"product","2":"type-product","3":"status-publish","4":"has-post-thumbnail","6":"product_cat-tsv-fortitudo","8":"first","9":"instock","10":"taxable","11":"shipping-taxable","12":"purchasable","13":"product-type-variable","14":"add-to-wishlist-before_image"},"exclude_global_add_ons":false,"addons":[{"name":"Nom","type":"custom_text","position":0,"required":true,"title_format":"label","default":"","description_enable":false,"description":"","placeholder_enable":false,"placeholder":"","display":"select","restrictions_type":"any_text","adjust_price":false,"price":"7","price_type":"flat_fee","restrictions":false,"min":"0","max":"0","options":[],"id":1742930742},{"name":"Num\u00e9ro","type":"custom_text","position":1,"required":true,"title_format":"label","default":"","description_enable":false,"description":"","placeholder_enable":false,"placeholder":"","display":"select","restrictions_type":"any_text","adjust_price":false,"price":"","price_type":"flat_fee","restrictions":false,"min":"0","max":"0","options":[],"id":1761732552}],"acf":[],"_links":{"self":[{"href":"https:\/\/shop.kustom.ch\/fr\/wp-json\/wp\/v2\/product\/674883"}],"collection":[{"href":"https:\/\/shop.kustom.ch\/fr\/wp-json\/wp\/v2\/product"}],"about":[{"href":"https:\/\/shop.kustom.ch\/fr\/wp-json\/wp\/v2\/types\/product"}],"wp:featuredmedia":[{"embeddable":true,"href":"https:\/\/shop.kustom.ch\/fr\/wp-json\/wp\/v2\/media\/674911"}],"wp:attachment":[{"href":"https:\/\/shop.kustom.ch\/fr\/wp-json\/wp\/v2\/media?parent=674883"}],"wp:term":[{"taxonomy":"product_brand","embeddable":true,"href":"https:\/\/shop.kustom.ch\/fr\/wp-json\/wp\/v2\/product_brand?post=674883"},{"taxonomy":"product_cat","embeddable":true,"href":"https:\/\/shop.kustom.ch\/fr\/wp-json\/wp\/v2\/product_cat?post=674883"},{"taxonomy":"product_tag","embeddable":true,"href":"https:\/\/shop.kustom.ch\/fr\/wp-json\/wp\/v2\/product_tag?post=674883"}],"curies":[{"name":"wp","href":"https:\/\/api.w.org\/{rel}","templated":true}]}}