{"id":674808,"date":"2025-11-06T15:07:11","date_gmt":"2025-11-06T14:07:11","guid":{"rendered":"https:\/\/shop.kustom.ch\/?post_type=product&#038;p=674808"},"modified":"2026-03-27T13:25:17","modified_gmt":"2026-03-27T12:25:17","slug":"essence-wool-light-glove","status":"publish","type":"product","link":"https:\/\/shop.kustom.ch\/fr\/produit\/essence-wool-light-glove\/","title":{"rendered":"Gant l\u00e9ger en laine Essence"},"content":{"rendered":"<p>L'Essence Wool Light Glove est un gant fin en laine con\u00e7u pour l'entra\u00eenement et l'utilisation quotidienne.<br \/>\npour la saison froide. Son tissu l\u00e9ger et \u00e9lastique en laine m\u00e9rinos assure une<br \/>\npour une chaleur exceptionnelle et une coupe confortable. Dans des conditions plus froides, il peut \u00eatre port\u00e9 sous un<br \/>\npour offrir une isolation suppl\u00e9mentaire.<br \/>\n- Tissu fin et doux en laine m\u00e9rinos (95 %) et \u00e9lasthanne (5 %)<br \/>\n- Tissu \u00e9lastique \u00e0 une seule couche<\/p>","protected":false},"excerpt":{"rendered":"<p>Der Essence Wool Light Glove ist ein d\u00fcnner Wollhandschuh, der f\u00fcr das Training und den t\u00e4glichen Gebrauch in der kalten Jahreszeit entwickelt wurde. Sein leichtes, elastisches Merinowollgewebe sorgt f\u00fcr hervorragende W\u00e4rme und eine bequeme Passform. Bei k\u00e4lteren Bedingungen kann er unter einem dickeren Handschuh getragen werden, um zus\u00e4tzliche Isolierung zu bieten. \u2022 D\u00fcnner und weicher [&hellip;]<\/p>\n","protected":false},"featured_media":674823,"template":"","meta":[],"product_brand":[],"product_cat":[4180],"product_tag":[],"class_list":{"0":"post-674808","1":"product","2":"type-product","3":"status-publish","4":"has-post-thumbnail","6":"product_cat-handschuhe","7":"pa_brand-craft-retail-sportswear","8":"pa_brand-type-sportswear","9":"pa_filter-color-schwarz","11":"first","12":"instock","13":"sale","14":"taxable","15":"shipping-taxable","16":"purchasable","17":"product-type-variable","18":"add-to-wishlist-before_image"},"exclude_global_add_ons":[],"addons":[],"acf":[],"_links":{"self":[{"href":"https:\/\/shop.kustom.ch\/fr\/wp-json\/wp\/v2\/product\/674808"}],"collection":[{"href":"https:\/\/shop.kustom.ch\/fr\/wp-json\/wp\/v2\/product"}],"about":[{"href":"https:\/\/shop.kustom.ch\/fr\/wp-json\/wp\/v2\/types\/product"}],"wp:featuredmedia":[{"embeddable":true,"href":"https:\/\/shop.kustom.ch\/fr\/wp-json\/wp\/v2\/media\/674823"}],"wp:attachment":[{"href":"https:\/\/shop.kustom.ch\/fr\/wp-json\/wp\/v2\/media?parent=674808"}],"wp:term":[{"taxonomy":"product_brand","embeddable":true,"href":"https:\/\/shop.kustom.ch\/fr\/wp-json\/wp\/v2\/product_brand?post=674808"},{"taxonomy":"product_cat","embeddable":true,"href":"https:\/\/shop.kustom.ch\/fr\/wp-json\/wp\/v2\/product_cat?post=674808"},{"taxonomy":"product_tag","embeddable":true,"href":"https:\/\/shop.kustom.ch\/fr\/wp-json\/wp\/v2\/product_tag?post=674808"}],"curies":[{"name":"wp","href":"https:\/\/api.w.org\/{rel}","templated":true}]}}