{"id":674708,"date":"2025-10-29T10:26:25","date_gmt":"2025-10-29T09:26:25","guid":{"rendered":"https:\/\/shop.kustom.ch\/?post_type=product&#038;p=674708"},"modified":"2025-10-29T11:05:38","modified_gmt":"2025-10-29T10:05:38","slug":"matchtrikot-herren-1-mit-logo","status":"publish","type":"product","link":"https:\/\/shop.kustom.ch\/fr\/produit\/matchtrikot-herren-1-mit-logo\/","title":{"rendered":"Maillot de match homme 1 avec logo"},"content":{"rendered":"<ul>\n<li>Un design moderne alli\u00e9 \u00e0 une fonctionnalit\u00e9 totale.<\/li>\n<li>Mat\u00e9riau \u00e0 s\u00e9chage rapide<\/li>\n<li>Col renforc\u00e9<\/li>\n<li>Manches raglan pour une plus grande libert\u00e9 de mouvement<\/li>\n<li>R\u00e9sistant \u00e0 l'usure et \u00e0 la d\u00e9chirure<\/li>\n<li>Aspect moderne de l'imprim\u00e9<\/li>\n<\/ul>\n<p>Mat\u00e9riau : polyester 100%<\/p>\n<p>Avec le logo TSV Fortitudo<\/p>","protected":false},"excerpt":{"rendered":"<p>couleur : blanc<\/p>","protected":false},"featured_media":674718,"template":"","meta":[],"product_brand":[],"product_cat":[11568],"product_tag":[],"class_list":{"0":"post-674708","1":"product","2":"type-product","3":"status-publish","4":"has-post-thumbnail","6":"product_cat-tsv-fortitudo","8":"first","9":"instock","10":"taxable","11":"shipping-taxable","12":"purchasable","13":"product-type-variable","14":"add-to-wishlist-before_image"},"exclude_global_add_ons":[],"addons":[],"acf":[],"_links":{"self":[{"href":"https:\/\/shop.kustom.ch\/fr\/wp-json\/wp\/v2\/product\/674708"}],"collection":[{"href":"https:\/\/shop.kustom.ch\/fr\/wp-json\/wp\/v2\/product"}],"about":[{"href":"https:\/\/shop.kustom.ch\/fr\/wp-json\/wp\/v2\/types\/product"}],"wp:featuredmedia":[{"embeddable":true,"href":"https:\/\/shop.kustom.ch\/fr\/wp-json\/wp\/v2\/media\/674718"}],"wp:attachment":[{"href":"https:\/\/shop.kustom.ch\/fr\/wp-json\/wp\/v2\/media?parent=674708"}],"wp:term":[{"taxonomy":"product_brand","embeddable":true,"href":"https:\/\/shop.kustom.ch\/fr\/wp-json\/wp\/v2\/product_brand?post=674708"},{"taxonomy":"product_cat","embeddable":true,"href":"https:\/\/shop.kustom.ch\/fr\/wp-json\/wp\/v2\/product_cat?post=674708"},{"taxonomy":"product_tag","embeddable":true,"href":"https:\/\/shop.kustom.ch\/fr\/wp-json\/wp\/v2\/product_tag?post=674708"}],"curies":[{"name":"wp","href":"https:\/\/api.w.org\/{rel}","templated":true}]}}