{"id":674674,"date":"2025-10-29T09:56:48","date_gmt":"2025-10-29T08:56:48","guid":{"rendered":"https:\/\/shop.kustom.ch\/?post_type=product&#038;p=674674"},"modified":"2025-10-29T11:01:23","modified_gmt":"2025-10-29T10:01:23","slug":"matchtrikot-herren-1","status":"publish","type":"product","link":"https:\/\/shop.kustom.ch\/fr\/produit\/matchtrikot-herren-1\/","title":{"rendered":"Maillot de match hommes 1 avec tous les sponsors"},"content":{"rendered":"<ul>\n<li>Un design moderne alli\u00e9 \u00e0 une fonctionnalit\u00e9 totale.<\/li>\n<li>Mat\u00e9riau \u00e0 s\u00e9chage rapide<\/li>\n<li>Col renforc\u00e9<\/li>\n<li>Manches raglan pour une plus grande libert\u00e9 de mouvement<\/li>\n<li>R\u00e9sistant \u00e0 l'usure et \u00e0 la d\u00e9chirure<\/li>\n<li>Aspect moderne de l'imprim\u00e9<\/li>\n<\/ul>\n<p>Mat\u00e9riau : polyester 100%<\/p>\n<p>Avec le logo TSV Fortitudo, le nom, le num\u00e9ro et tous les sponsors<\/p>","protected":false},"excerpt":{"rendered":"<p>couleur : blanc<\/p>","protected":false},"featured_media":674685,"template":"","meta":[],"product_brand":[],"product_cat":[11568],"product_tag":[],"class_list":{"0":"post-674674","1":"product","2":"type-product","3":"status-publish","4":"has-post-thumbnail","6":"product_cat-tsv-fortitudo","8":"first","9":"instock","10":"taxable","11":"shipping-taxable","12":"purchasable","13":"product-type-variable","14":"add-to-wishlist-before_image"},"exclude_global_add_ons":false,"addons":[{"name":"Nom","type":"custom_text","position":0,"required":true,"title_format":"label","default":"","description_enable":false,"description":"","placeholder_enable":false,"placeholder":"","display":"select","restrictions_type":"any_text","adjust_price":false,"price":"7","price_type":"flat_fee","restrictions":false,"min":"0","max":"0","options":[],"id":1742930742},{"name":"Num\u00e9ro","type":"custom_text","position":1,"required":true,"title_format":"label","default":"","description_enable":false,"description":"","placeholder_enable":false,"placeholder":"","display":"select","restrictions_type":"any_text","adjust_price":false,"price":"","price_type":"flat_fee","restrictions":false,"min":"0","max":"0","options":[],"id":1761732552}],"acf":[],"_links":{"self":[{"href":"https:\/\/shop.kustom.ch\/fr\/wp-json\/wp\/v2\/product\/674674"}],"collection":[{"href":"https:\/\/shop.kustom.ch\/fr\/wp-json\/wp\/v2\/product"}],"about":[{"href":"https:\/\/shop.kustom.ch\/fr\/wp-json\/wp\/v2\/types\/product"}],"wp:featuredmedia":[{"embeddable":true,"href":"https:\/\/shop.kustom.ch\/fr\/wp-json\/wp\/v2\/media\/674685"}],"wp:attachment":[{"href":"https:\/\/shop.kustom.ch\/fr\/wp-json\/wp\/v2\/media?parent=674674"}],"wp:term":[{"taxonomy":"product_brand","embeddable":true,"href":"https:\/\/shop.kustom.ch\/fr\/wp-json\/wp\/v2\/product_brand?post=674674"},{"taxonomy":"product_cat","embeddable":true,"href":"https:\/\/shop.kustom.ch\/fr\/wp-json\/wp\/v2\/product_cat?post=674674"},{"taxonomy":"product_tag","embeddable":true,"href":"https:\/\/shop.kustom.ch\/fr\/wp-json\/wp\/v2\/product_tag?post=674674"}],"curies":[{"name":"wp","href":"https:\/\/api.w.org\/{rel}","templated":true}]}}