{"id":674659,"date":"2025-10-28T14:51:45","date_gmt":"2025-10-28T13:51:45","guid":{"rendered":"https:\/\/shop.kustom.ch\/?post_type=product&#038;p=674659"},"modified":"2025-10-28T14:51:53","modified_gmt":"2025-10-28T13:51:53","slug":"zenari-3-0-spieldress-offizielles-matchtrikot","status":"publish","type":"product","link":"https:\/\/shop.kustom.ch\/fr\/produit\/zenari-3-0-spieldress-offizielles-matchtrikot\/","title":{"rendered":"Tenue de match Zenari 3.0 (maillot de match officiel)"},"content":{"rendered":"<p>Fabrication sp\u00e9ciale pour le LC Br\u00fchl : Zenari 3.0 Spieldress (maillot de match officiel)<\/p>\n<p>Maillot robuste pour les \u00e9quipes fortes.<\/p>\n<p>Mati\u00e8re \u00e9vacuant l'humidit\u00e9 et s\u00e9chant rapidement<\/p>\n<p>Impression 5-C r\u00e9sistante \u00e0 la chaleur sur l'\u00e9paule et le dos<\/p>\n<p>Couture lat\u00e9rale d\u00e9cal\u00e9e pour une finition optimale<\/p>\n<p>R\u00e9sistant \u00e0 l'usure et \u00e0 la d\u00e9chirure<\/p>\n<p>Col renforc\u00e9 par une bande \u00e9lastique en silicone<\/p>\n<p>Coupe cintr\u00e9e<\/p>","protected":false},"excerpt":{"rendered":"<p>Fabrication sp\u00e9ciale pour le LC Br\u00fchl : Zenari 3.0 Spieldress (maillot de match officiel)<\/p>","protected":false},"featured_media":471021,"template":"","meta":[],"product_brand":[],"product_cat":[6435],"product_tag":[],"class_list":{"0":"post-674659","1":"product","2":"type-product","3":"status-publish","4":"has-post-thumbnail","6":"product_cat-lc-bruehl","8":"first","9":"instock","10":"taxable","11":"shipping-taxable","12":"purchasable","13":"product-type-variable","14":"add-to-wishlist-before_image"},"exclude_global_add_ons":[],"addons":[],"acf":[],"_links":{"self":[{"href":"https:\/\/shop.kustom.ch\/fr\/wp-json\/wp\/v2\/product\/674659"}],"collection":[{"href":"https:\/\/shop.kustom.ch\/fr\/wp-json\/wp\/v2\/product"}],"about":[{"href":"https:\/\/shop.kustom.ch\/fr\/wp-json\/wp\/v2\/types\/product"}],"wp:featuredmedia":[{"embeddable":true,"href":"https:\/\/shop.kustom.ch\/fr\/wp-json\/wp\/v2\/media\/471021"}],"wp:attachment":[{"href":"https:\/\/shop.kustom.ch\/fr\/wp-json\/wp\/v2\/media?parent=674659"}],"wp:term":[{"taxonomy":"product_brand","embeddable":true,"href":"https:\/\/shop.kustom.ch\/fr\/wp-json\/wp\/v2\/product_brand?post=674659"},{"taxonomy":"product_cat","embeddable":true,"href":"https:\/\/shop.kustom.ch\/fr\/wp-json\/wp\/v2\/product_cat?post=674659"},{"taxonomy":"product_tag","embeddable":true,"href":"https:\/\/shop.kustom.ch\/fr\/wp-json\/wp\/v2\/product_tag?post=674659"}],"curies":[{"name":"wp","href":"https:\/\/api.w.org\/{rel}","templated":true}]}}