{"id":674641,"date":"2025-10-28T08:21:32","date_gmt":"2025-10-28T07:21:32","guid":{"rendered":"https:\/\/shop.kustom.ch\/?post_type=product&#038;p=674641"},"modified":"2026-03-18T14:11:54","modified_gmt":"2026-03-18T13:11:54","slug":"ts-sweatshirt-unisex-kids","status":"publish","type":"product","link":"https:\/\/shop.kustom.ch\/fr\/produit\/ts-sweatshirt-unisex-kids\/","title":{"rendered":"Sweat-shirt TS unisexe\/enfant"},"content":{"rendered":"<ul>\n<li>Le minimalisme dans des couleurs branch\u00e9es.<\/li>\n<li>M\u00e9lange de coton au toucher doux<\/li>\n<li>Int\u00e9rieur moelleux et gratt\u00e9<\/li>\n<li>Coupe unisexe d\u00e9contract\u00e9e pour hommes et femmes<\/li>\n<li>Encolure ronde \u00e0 c\u00f4tes<\/li>\n<li>Logo ton sur ton brod\u00e9 sur l'\u00e9paule<\/li>\n<li>Empi\u00e8cements c\u00f4tel\u00e9s sur les c\u00f4t\u00e9s<\/li>\n<li>Poignets et ourlet c\u00f4tel\u00e9s<\/li>\n<li>Avec Better Cotton<\/li>\n<li>Article unisexe : Femmes choisissez une taille en dessous<\/li>\n<\/ul>\n<p>Mati\u00e8re : 60% coton, 40% polyester<\/p>\n<p>Logo VBC Andwil-Arnegg sur la poitrine \u00e0 gauche, logo Kustom sur la manche<\/p>","protected":false},"excerpt":{"rendered":"<p>rouge<\/p>","protected":false},"featured_media":674654,"template":"","meta":[],"product_brand":[],"product_cat":[6382],"product_tag":[],"class_list":{"0":"post-674641","1":"product","2":"type-product","3":"status-publish","4":"has-post-thumbnail","6":"product_cat-vbc-andwil-arnegg","8":"first","9":"instock","10":"taxable","11":"shipping-taxable","12":"purchasable","13":"product-type-variable","14":"add-to-wishlist-before_image"},"exclude_global_add_ons":[],"addons":[],"acf":[],"_links":{"self":[{"href":"https:\/\/shop.kustom.ch\/fr\/wp-json\/wp\/v2\/product\/674641"}],"collection":[{"href":"https:\/\/shop.kustom.ch\/fr\/wp-json\/wp\/v2\/product"}],"about":[{"href":"https:\/\/shop.kustom.ch\/fr\/wp-json\/wp\/v2\/types\/product"}],"wp:featuredmedia":[{"embeddable":true,"href":"https:\/\/shop.kustom.ch\/fr\/wp-json\/wp\/v2\/media\/674654"}],"wp:attachment":[{"href":"https:\/\/shop.kustom.ch\/fr\/wp-json\/wp\/v2\/media?parent=674641"}],"wp:term":[{"taxonomy":"product_brand","embeddable":true,"href":"https:\/\/shop.kustom.ch\/fr\/wp-json\/wp\/v2\/product_brand?post=674641"},{"taxonomy":"product_cat","embeddable":true,"href":"https:\/\/shop.kustom.ch\/fr\/wp-json\/wp\/v2\/product_cat?post=674641"},{"taxonomy":"product_tag","embeddable":true,"href":"https:\/\/shop.kustom.ch\/fr\/wp-json\/wp\/v2\/product_tag?post=674641"}],"curies":[{"name":"wp","href":"https:\/\/api.w.org\/{rel}","templated":true}]}}