{"id":674631,"date":"2025-10-28T08:19:06","date_gmt":"2025-10-28T07:19:06","guid":{"rendered":"https:\/\/shop.kustom.ch\/?post_type=product&#038;p=674631"},"modified":"2026-02-13T12:19:06","modified_gmt":"2026-02-13T11:19:06","slug":"funktions-teamsport-t-shirt-damen-2","status":"publish","type":"product","link":"https:\/\/shop.kustom.ch\/fr\/produit\/funktions-teamsport-t-shirt-damen-2\/","title":{"rendered":"T-shirt fonctionnel Intro pour femmes"},"content":{"rendered":"<p>- L\u00e9ger et \u00e0 s\u00e9chage rapide<br \/>\nPolyester fonctionnel<br \/>\n- Design classique unicolore<br \/>\n- Dry Dye durable et sans eau<br \/>\nProc\u00e9d\u00e9 de coloration<br \/>\n- Poids : env. 140g\/m<\/p>\n<p>Mat\u00e9riau : polyester 100%<\/p>","protected":false},"excerpt":{"rendered":"<p>noir<\/p>","protected":false},"featured_media":675458,"template":"","meta":[],"product_brand":[],"product_cat":[6382],"product_tag":[],"class_list":{"0":"post-674631","1":"product","2":"type-product","3":"status-publish","4":"has-post-thumbnail","6":"product_cat-vbc-andwil-arnegg","8":"first","9":"instock","10":"taxable","11":"shipping-taxable","12":"purchasable","13":"product-type-variable","14":"add-to-wishlist-before_image"},"exclude_global_add_ons":[],"addons":[],"acf":[],"_links":{"self":[{"href":"https:\/\/shop.kustom.ch\/fr\/wp-json\/wp\/v2\/product\/674631"}],"collection":[{"href":"https:\/\/shop.kustom.ch\/fr\/wp-json\/wp\/v2\/product"}],"about":[{"href":"https:\/\/shop.kustom.ch\/fr\/wp-json\/wp\/v2\/types\/product"}],"wp:featuredmedia":[{"embeddable":true,"href":"https:\/\/shop.kustom.ch\/fr\/wp-json\/wp\/v2\/media\/675458"}],"wp:attachment":[{"href":"https:\/\/shop.kustom.ch\/fr\/wp-json\/wp\/v2\/media?parent=674631"}],"wp:term":[{"taxonomy":"product_brand","embeddable":true,"href":"https:\/\/shop.kustom.ch\/fr\/wp-json\/wp\/v2\/product_brand?post=674631"},{"taxonomy":"product_cat","embeddable":true,"href":"https:\/\/shop.kustom.ch\/fr\/wp-json\/wp\/v2\/product_cat?post=674631"},{"taxonomy":"product_tag","embeddable":true,"href":"https:\/\/shop.kustom.ch\/fr\/wp-json\/wp\/v2\/product_tag?post=674631"}],"curies":[{"name":"wp","href":"https:\/\/api.w.org\/{rel}","templated":true}]}}