{"id":674416,"date":"2025-10-15T10:01:03","date_gmt":"2025-10-15T09:01:03","guid":{"rendered":"https:\/\/shop.kustom.ch\/?post_type=product&#038;p=674416"},"modified":"2026-03-24T18:57:23","modified_gmt":"2026-03-24T17:57:23","slug":"oxford-winter-jacket","status":"publish","type":"product","link":"https:\/\/shop.kustom.ch\/fr\/produit\/oxford-winter-jacket\/","title":{"rendered":"VESTE D'HIVER HELLY HANSEN OXFORD"},"content":{"rendered":"<p>Cette veste de travail d'hiver Helly Hansen est aussi fiable et r\u00e9sistante que vous. Dot\u00e9e de d\u00e9tails de qualit\u00e9 comme les fermetures \u00e9clair YKK\u00ae sur le devant et les poches, la veste d'hiver Oxford s'adapte parfaitement \u00e0 votre morphologie au niveau de l'ourlet, des poignets et de la capuche. La combinaison de la membrane Helly Tech\u00ae Performance et de l'isolation Primaloft\u00ae vous garde au chaud, au sec et confortable par temps de pluie et de neige. Un dos allong\u00e9 et des manches pr\u00e9form\u00e9es offrent une libert\u00e9 de mouvement optimale. La zone des \u00e9paules, tr\u00e8s sollicit\u00e9e, est d\u00e9pourvue de coutures afin d'am\u00e9liorer la durabilit\u00e9 et le confort lors du port d'\u00e9quipement. En ouvrant compl\u00e8tement la fermeture \u00e0 glissi\u00e8re frontale, la protection du menton peut \u00eatre rallong\u00e9e. Le col est doubl\u00e9 en polyester bross\u00e9 pour offrir le confort que vous attendez d'une veste de travail d'hiver.<\/p><p><\/p><p><strong>Caract\u00e9ristiques<\/strong><br>HELLY TECH\u00ae PERFORMANCE<br>PrimaLoft\u00ae BLACK Eco<br>Les fils AMANN - la qualit\u00e9 allemande<br>Coutures coll\u00e9es critiques<br>Pas de coutures aux \u00e9paules<br>Capuche r\u00e9glable avec cordon de serrage et fermeture<br>Capuche amovible<br>col int\u00e9rieur en polyester bross\u00e9<br>fermeture \u00e0 glissi\u00e8re frontale YKK\u00ae avec protection du menton<br>poches lat\u00e9rales avec fermeture \u00e9clair YKK<br>Poignets r\u00e9glables<br>Manches pr\u00e9form\u00e9es pour une libert\u00e9 de mouvement optimale<br>Ourlet r\u00e9glable avec cordon de serrage \u00e9lastique dans le sac \u00e0 main<br>Dos rallong\u00e9 pour un meilleur confort<br>Fermeture \u00e0 glissi\u00e8re d\u00e9corative<br>D\u00e9tails de design r\u00e9fl\u00e9chissants<br><br><strong>Composition du mat\u00e9riau<\/strong><br>Tissu ext\u00e9rieur : 65 % polyester, 35 % coton - Tissu ext\u00e9rieur 2 : 100 % polyester - Doublure : 100 % polyester<\/p><p><strong>Certifications<\/strong><br>EN 342:2017 - FROID<\/p><p><strong>Coupe<\/strong><br>Regular<\/p>","protected":false},"excerpt":{"rendered":"<p>Diese Helly Hansen Winter-Arbeitsjacke ist genauso zuverl\u00e4ssig und strapazierf\u00e4hig wie Sie selbst. Ausgestattet mit hochwertigen Details wie YKK\u00ae-Reissverschl\u00fcssen vorne und an den Taschen l\u00e4sst sich die Oxford Winter Jacket an Saum, \u00c4rmelb\u00fcndchen und Kapuze perfekt an Ihre Passform anpassen. Die Kombination aus Helly Tech\u00ae Performance-Membran und Primaloft\u00ae-Isolierung h\u00e4lt Sie bei Regen und Schnee warm, trocken [&hellip;]<\/p>\n","protected":false},"featured_media":674450,"template":"","meta":[],"product_brand":[],"product_cat":[4186],"product_tag":[],"class_list":{"0":"post-674416","1":"product","2":"type-product","3":"status-publish","4":"has-post-thumbnail","6":"product_cat-jacken","8":"first","9":"instock","10":"taxable","11":"shipping-taxable","12":"purchasable","13":"product-type-variable","14":"add-to-wishlist-before_image"},"exclude_global_add_ons":[],"addons":[],"acf":[],"_links":{"self":[{"href":"https:\/\/shop.kustom.ch\/fr\/wp-json\/wp\/v2\/product\/674416"}],"collection":[{"href":"https:\/\/shop.kustom.ch\/fr\/wp-json\/wp\/v2\/product"}],"about":[{"href":"https:\/\/shop.kustom.ch\/fr\/wp-json\/wp\/v2\/types\/product"}],"wp:featuredmedia":[{"embeddable":true,"href":"https:\/\/shop.kustom.ch\/fr\/wp-json\/wp\/v2\/media\/674450"}],"wp:attachment":[{"href":"https:\/\/shop.kustom.ch\/fr\/wp-json\/wp\/v2\/media?parent=674416"}],"wp:term":[{"taxonomy":"product_brand","embeddable":true,"href":"https:\/\/shop.kustom.ch\/fr\/wp-json\/wp\/v2\/product_brand?post=674416"},{"taxonomy":"product_cat","embeddable":true,"href":"https:\/\/shop.kustom.ch\/fr\/wp-json\/wp\/v2\/product_cat?post=674416"},{"taxonomy":"product_tag","embeddable":true,"href":"https:\/\/shop.kustom.ch\/fr\/wp-json\/wp\/v2\/product_tag?post=674416"}],"curies":[{"name":"wp","href":"https:\/\/api.w.org\/{rel}","templated":true}]}}