{"id":674395,"date":"2025-10-14T09:41:33","date_gmt":"2025-10-14T08:41:33","guid":{"rendered":"https:\/\/shop.kustom.ch\/?post_type=product&#038;p=674395"},"modified":"2025-10-14T09:45:14","modified_gmt":"2025-10-14T08:45:14","slug":"craft-frequent-heavy-ss-tee-women","status":"publish","type":"product","link":"https:\/\/shop.kustom.ch\/fr\/produit\/craft-frequent-heavy-ss-tee-women\/","title":{"rendered":"Craft Frequent Heavy SS Tee Femme"},"content":{"rendered":"<p>Le Frequent Heavy Tee est un t-shirt d\u00e9contract\u00e9 et r\u00e9sistant, parfait pour les jours de voyage et la vie quotidienne. Ce v\u00eatement polyvalent est fabriqu\u00e9 en coton lourd et a une coupe d\u00e9contract\u00e9e. Il offre un excellent confort tout au long de la journ\u00e9e.<\/p>","protected":false},"excerpt":{"rendered":"<p>Le Frequent Heavy Tee est un t-shirt d\u00e9contract\u00e9 et r\u00e9sistant, parfait pour les jours de voyage et la vie quotidienne. Ce v\u00eatement polyvalent est fabriqu\u00e9 en coton lourd et a une coupe d\u00e9contract\u00e9e. Il offre un excellent confort tout au long de la journ\u00e9e.<\/p>","protected":false},"featured_media":674402,"template":"","meta":[],"product_brand":[],"product_cat":[6364],"product_tag":[],"class_list":{"0":"post-674395","1":"product","2":"type-product","3":"status-publish","4":"has-post-thumbnail","6":"product_cat-talent-campus","8":"first","9":"instock","10":"taxable","11":"shipping-taxable","12":"purchasable","13":"product-type-variable","14":"add-to-wishlist-before_image"},"exclude_global_add_ons":[],"addons":[],"acf":[],"_links":{"self":[{"href":"https:\/\/shop.kustom.ch\/fr\/wp-json\/wp\/v2\/product\/674395"}],"collection":[{"href":"https:\/\/shop.kustom.ch\/fr\/wp-json\/wp\/v2\/product"}],"about":[{"href":"https:\/\/shop.kustom.ch\/fr\/wp-json\/wp\/v2\/types\/product"}],"wp:featuredmedia":[{"embeddable":true,"href":"https:\/\/shop.kustom.ch\/fr\/wp-json\/wp\/v2\/media\/674402"}],"wp:attachment":[{"href":"https:\/\/shop.kustom.ch\/fr\/wp-json\/wp\/v2\/media?parent=674395"}],"wp:term":[{"taxonomy":"product_brand","embeddable":true,"href":"https:\/\/shop.kustom.ch\/fr\/wp-json\/wp\/v2\/product_brand?post=674395"},{"taxonomy":"product_cat","embeddable":true,"href":"https:\/\/shop.kustom.ch\/fr\/wp-json\/wp\/v2\/product_cat?post=674395"},{"taxonomy":"product_tag","embeddable":true,"href":"https:\/\/shop.kustom.ch\/fr\/wp-json\/wp\/v2\/product_tag?post=674395"}],"curies":[{"name":"wp","href":"https:\/\/api.w.org\/{rel}","templated":true}]}}