{"id":674371,"date":"2025-10-14T09:30:15","date_gmt":"2025-10-14T08:30:15","guid":{"rendered":"https:\/\/shop.kustom.ch\/?post_type=product&#038;p=674371"},"modified":"2025-10-14T09:41:03","modified_gmt":"2025-10-14T08:41:03","slug":"craft-frequent-heavy-ss-tee-men","status":"publish","type":"product","link":"https:\/\/shop.kustom.ch\/fr\/produit\/craft-frequent-heavy-ss-tee-men\/","title":{"rendered":"Craft Frequent Heavy SS Tee Hommes"},"content":{"rendered":"<p>Le Frequent Heavy Tee est un t-shirt d\u00e9contract\u00e9 et r\u00e9sistant, parfait pour les jours de voyage et la vie quotidienne. Ce v\u00eatement polyvalent est fabriqu\u00e9 en coton lourd et a une coupe d\u00e9contract\u00e9e. Il offre un excellent confort tout au long de la journ\u00e9e.<\/p>","protected":false},"excerpt":{"rendered":"<p>Le Frequent Heavy Tee est un t-shirt d\u00e9contract\u00e9 et r\u00e9sistant, parfait pour les jours de voyage et la vie quotidienne. Ce v\u00eatement polyvalent est fabriqu\u00e9 en coton lourd et a une coupe d\u00e9contract\u00e9e. Il offre un excellent confort tout au long de la journ\u00e9e.<\/p>","protected":false},"featured_media":674387,"template":"","meta":[],"product_brand":[],"product_cat":[6364],"product_tag":[],"class_list":{"0":"post-674371","1":"product","2":"type-product","3":"status-publish","4":"has-post-thumbnail","6":"product_cat-talent-campus","8":"first","9":"instock","10":"taxable","11":"shipping-taxable","12":"purchasable","13":"product-type-variable","14":"add-to-wishlist-before_image"},"exclude_global_add_ons":[],"addons":[],"acf":[],"_links":{"self":[{"href":"https:\/\/shop.kustom.ch\/fr\/wp-json\/wp\/v2\/product\/674371"}],"collection":[{"href":"https:\/\/shop.kustom.ch\/fr\/wp-json\/wp\/v2\/product"}],"about":[{"href":"https:\/\/shop.kustom.ch\/fr\/wp-json\/wp\/v2\/types\/product"}],"wp:featuredmedia":[{"embeddable":true,"href":"https:\/\/shop.kustom.ch\/fr\/wp-json\/wp\/v2\/media\/674387"}],"wp:attachment":[{"href":"https:\/\/shop.kustom.ch\/fr\/wp-json\/wp\/v2\/media?parent=674371"}],"wp:term":[{"taxonomy":"product_brand","embeddable":true,"href":"https:\/\/shop.kustom.ch\/fr\/wp-json\/wp\/v2\/product_brand?post=674371"},{"taxonomy":"product_cat","embeddable":true,"href":"https:\/\/shop.kustom.ch\/fr\/wp-json\/wp\/v2\/product_cat?post=674371"},{"taxonomy":"product_tag","embeddable":true,"href":"https:\/\/shop.kustom.ch\/fr\/wp-json\/wp\/v2\/product_tag?post=674371"}],"curies":[{"name":"wp","href":"https:\/\/api.w.org\/{rel}","templated":true}]}}