{"id":674349,"date":"2025-10-14T08:44:34","date_gmt":"2025-10-14T07:44:34","guid":{"rendered":"https:\/\/shop.kustom.ch\/?post_type=product&#038;p=674349"},"modified":"2025-10-14T08:54:56","modified_gmt":"2025-10-14T07:54:56","slug":"craft-adv-essence-warm-vest-2-men","status":"publish","type":"product","link":"https:\/\/shop.kustom.ch\/fr\/produit\/craft-adv-essence-warm-vest-2-men\/","title":{"rendered":"Craft ADV Essence Warm Vest 2 Men"},"content":{"rendered":"<p>L'Adv Essence Warm Vest 2 est un gilet multisports chaud qui convient parfaitement pour \u00eatre port\u00e9 par-dessus ou par-dessous lors de l'entra\u00eenement en automne et en hiver.<\/p>\n<p>Ce gilet d'entra\u00eenement polyvalent dispose d'une isolation l\u00e9g\u00e8re \u00e0 l'avant et en haut du dos, d'une polaire bross\u00e9e \u00e0 l'arri\u00e8re et d'un jersey \u00e9lastique sur les c\u00f4t\u00e9s pour une libert\u00e9 de mouvement optimale. En outre, le gilet dispose d'un \u00e9lastique \u00e0 la taille pour un ajustement optimal et de deux poches lat\u00e9rales zipp\u00e9es.<\/p>\n<p>mat\u00e9riel :<br \/>\nCorps avant 86% polyamide recycl\u00e9, 14% \u00e9lasthanne, rembourrage 100% polyester recycl\u00e9<br \/>\nCorps arri\u00e8re 77% Polyester recycl\u00e9, 23% \u00c9lasthanne<\/p>","protected":false},"excerpt":{"rendered":"<p>Die Adv Essence Warm Vest 2 ist eine warme Multisportweste, die sich perfekt zum \u00dcber- oder Unterziehen beim Training im Herbst und Winter eignet. Diese vielseitige Trainingsweste verf\u00fcgt \u00fcber eine leichte Isolierung vorne und oben am R\u00fccken, geb\u00fcrstetes Fleece auf der R\u00fcckseite und elastisches Jersey an den Seiten f\u00fcr optimale Bewegungsfreiheit. Dar\u00fcber hinaus verf\u00fcgt die [&hellip;]<\/p>\n","protected":false},"featured_media":674366,"template":"","meta":[],"product_brand":[],"product_cat":[6364],"product_tag":[],"class_list":{"0":"post-674349","1":"product","2":"type-product","3":"status-publish","4":"has-post-thumbnail","6":"product_cat-talent-campus","8":"first","9":"instock","10":"taxable","11":"shipping-taxable","12":"purchasable","13":"product-type-variable","14":"add-to-wishlist-before_image"},"exclude_global_add_ons":[],"addons":[],"acf":[],"_links":{"self":[{"href":"https:\/\/shop.kustom.ch\/fr\/wp-json\/wp\/v2\/product\/674349"}],"collection":[{"href":"https:\/\/shop.kustom.ch\/fr\/wp-json\/wp\/v2\/product"}],"about":[{"href":"https:\/\/shop.kustom.ch\/fr\/wp-json\/wp\/v2\/types\/product"}],"wp:featuredmedia":[{"embeddable":true,"href":"https:\/\/shop.kustom.ch\/fr\/wp-json\/wp\/v2\/media\/674366"}],"wp:attachment":[{"href":"https:\/\/shop.kustom.ch\/fr\/wp-json\/wp\/v2\/media?parent=674349"}],"wp:term":[{"taxonomy":"product_brand","embeddable":true,"href":"https:\/\/shop.kustom.ch\/fr\/wp-json\/wp\/v2\/product_brand?post=674349"},{"taxonomy":"product_cat","embeddable":true,"href":"https:\/\/shop.kustom.ch\/fr\/wp-json\/wp\/v2\/product_cat?post=674349"},{"taxonomy":"product_tag","embeddable":true,"href":"https:\/\/shop.kustom.ch\/fr\/wp-json\/wp\/v2\/product_tag?post=674349"}],"curies":[{"name":"wp","href":"https:\/\/api.w.org\/{rel}","templated":true}]}}