{"id":674295,"date":"2025-10-14T08:17:08","date_gmt":"2025-10-14T07:17:08","guid":{"rendered":"https:\/\/shop.kustom.ch\/?post_type=product&#038;p=674295"},"modified":"2025-10-14T08:22:23","modified_gmt":"2025-10-14T07:22:23","slug":"craft-adv-tone-seamless-tights-women","status":"publish","type":"product","link":"https:\/\/shop.kustom.ch\/fr\/produit\/craft-adv-tone-seamless-tights-women\/","title":{"rendered":"Craft ADV Tone Seamless Tights Women"},"content":{"rendered":"<p>Culotte d'entra\u00eenement avanc\u00e9e, douce et \u00e0 coupe haute, avec une finition sans couture pour un confort optimal lors d'un entra\u00eenement intensif. Taille haute \u00e0 c\u00f4tes pliss\u00e9es pour un excellent maintien et un confort suppl\u00e9mentaire. D\u00e9tails avec motif jacquard tricot\u00e9.<\/p>\n<p>Mati\u00e8re : 35% polyamide recycl\u00e9 51% polyamide 14% \u00e9lasthanne<\/p>\n<p>couleur : noir<\/p>","protected":false},"excerpt":{"rendered":"<p>Culotte d'entra\u00eenement avanc\u00e9e, douce et \u00e0 coupe haute, avec une finition sans couture pour un confort optimal lors d'un entra\u00eenement intensif. Taille haute \u00e0 c\u00f4tes pliss\u00e9es pour un excellent maintien et un confort suppl\u00e9mentaire. D\u00e9tails avec motif jacquard tricot\u00e9. Mat\u00e9riau : 35% polyamide recycl\u00e9 51% polyamide 14% \u00e9lasthanne Couleur : noir<\/p>","protected":false},"featured_media":674302,"template":"","meta":[],"product_brand":[],"product_cat":[6364],"product_tag":[],"class_list":{"0":"post-674295","1":"product","2":"type-product","3":"status-publish","4":"has-post-thumbnail","6":"product_cat-talent-campus","8":"first","9":"instock","10":"taxable","11":"shipping-taxable","12":"purchasable","13":"product-type-variable","14":"add-to-wishlist-before_image"},"exclude_global_add_ons":[],"addons":[],"acf":[],"_links":{"self":[{"href":"https:\/\/shop.kustom.ch\/fr\/wp-json\/wp\/v2\/product\/674295"}],"collection":[{"href":"https:\/\/shop.kustom.ch\/fr\/wp-json\/wp\/v2\/product"}],"about":[{"href":"https:\/\/shop.kustom.ch\/fr\/wp-json\/wp\/v2\/types\/product"}],"wp:featuredmedia":[{"embeddable":true,"href":"https:\/\/shop.kustom.ch\/fr\/wp-json\/wp\/v2\/media\/674302"}],"wp:attachment":[{"href":"https:\/\/shop.kustom.ch\/fr\/wp-json\/wp\/v2\/media?parent=674295"}],"wp:term":[{"taxonomy":"product_brand","embeddable":true,"href":"https:\/\/shop.kustom.ch\/fr\/wp-json\/wp\/v2\/product_brand?post=674295"},{"taxonomy":"product_cat","embeddable":true,"href":"https:\/\/shop.kustom.ch\/fr\/wp-json\/wp\/v2\/product_cat?post=674295"},{"taxonomy":"product_tag","embeddable":true,"href":"https:\/\/shop.kustom.ch\/fr\/wp-json\/wp\/v2\/product_tag?post=674295"}],"curies":[{"name":"wp","href":"https:\/\/api.w.org\/{rel}","templated":true}]}}