{"id":674068,"date":"2025-10-09T17:10:29","date_gmt":"2025-10-09T16:10:29","guid":{"rendered":"https:\/\/shop.kustom.ch\/?post_type=product&#038;p=674068"},"modified":"2025-10-09T17:12:51","modified_gmt":"2025-10-09T16:12:51","slug":"teamsport-poloshirt-3","status":"publish","type":"product","link":"https:\/\/shop.kustom.ch\/fr\/produit\/teamsport-poloshirt-3\/","title":{"rendered":"Polo de sport d'\u00e9quipe"},"content":{"rendered":"<p>Mati\u00e8re : 95% coton, 5% \u00e9lasthanne<\/p>","protected":false},"excerpt":{"rendered":"<p>couleur : noir<\/p>","protected":false},"featured_media":673973,"template":"","meta":[],"product_brand":[],"product_cat":[12563],"product_tag":[],"class_list":{"0":"post-674068","1":"product","2":"type-product","3":"status-publish","4":"has-post-thumbnail","6":"product_cat-tv-kesswil","8":"first","9":"instock","10":"taxable","11":"shipping-taxable","12":"purchasable","13":"product-type-variable","14":"add-to-wishlist-before_image"},"exclude_global_add_ons":[],"addons":[],"acf":[],"_links":{"self":[{"href":"https:\/\/shop.kustom.ch\/fr\/wp-json\/wp\/v2\/product\/674068"}],"collection":[{"href":"https:\/\/shop.kustom.ch\/fr\/wp-json\/wp\/v2\/product"}],"about":[{"href":"https:\/\/shop.kustom.ch\/fr\/wp-json\/wp\/v2\/types\/product"}],"wp:featuredmedia":[{"embeddable":true,"href":"https:\/\/shop.kustom.ch\/fr\/wp-json\/wp\/v2\/media\/673973"}],"wp:attachment":[{"href":"https:\/\/shop.kustom.ch\/fr\/wp-json\/wp\/v2\/media?parent=674068"}],"wp:term":[{"taxonomy":"product_brand","embeddable":true,"href":"https:\/\/shop.kustom.ch\/fr\/wp-json\/wp\/v2\/product_brand?post=674068"},{"taxonomy":"product_cat","embeddable":true,"href":"https:\/\/shop.kustom.ch\/fr\/wp-json\/wp\/v2\/product_cat?post=674068"},{"taxonomy":"product_tag","embeddable":true,"href":"https:\/\/shop.kustom.ch\/fr\/wp-json\/wp\/v2\/product_tag?post=674068"}],"curies":[{"name":"wp","href":"https:\/\/api.w.org\/{rel}","templated":true}]}}