{"id":673855,"date":"2025-10-09T15:06:07","date_gmt":"2025-10-09T14:06:07","guid":{"rendered":"https:\/\/shop.kustom.ch\/?post_type=product&#038;p=673855"},"modified":"2025-10-09T15:07:05","modified_gmt":"2025-10-09T14:07:05","slug":"hakro-poloshirt-bio-baumwolle-gots-men","status":"publish","type":"product","link":"https:\/\/shop.kustom.ch\/fr\/produit\/hakro-poloshirt-bio-baumwolle-gots-men\/","title":{"rendered":"Polo Hakro coton bio Gots Men"},"content":{"rendered":"<p>Polo \u00e0 la mode avec une patte de boutonnage \u00e0 3 trous de haute qualit\u00e9, des boutons incassables cousus de mani\u00e8re extra-r\u00e9sistante, le logo HAKRO grav\u00e9 au laser ton sur ton, un bouton de rechange, une bande d'encolure et des fentes lat\u00e9rales \u00e0 double fermeture. Fabriqu\u00e9 en piqu\u00e9 \u00e0 mailles fines de coton bio \u00e0 longues fibres, peign\u00e9 et ring-spun, certifi\u00e9 GOTS.<\/p>\n<p>Mati\u00e8re : piqu\u00e9 de coton 100% (bio), 190 g\/m2<\/p>\n<p>Impression : Talent-Campus Bodensee ou Z\u00fcrisee<\/p>","protected":false},"excerpt":{"rendered":"<p>Polo \u00e0 la mode avec une patte de boutonnage \u00e0 3 trous de haute qualit\u00e9, des boutons incassables cousus de mani\u00e8re extra-r\u00e9sistante, le logo HAKRO grav\u00e9 au laser ton sur ton, un bouton de rechange, une bande d'encolure et des fentes lat\u00e9rales \u00e0 double fermeture. Fabriqu\u00e9 en piqu\u00e9 \u00e0 mailles fines de coton bio \u00e0 longues fibres, peign\u00e9 et ring-spun, certifi\u00e9 GOTS. Mati\u00e8re : piqu\u00e9 de coton 100% (bio), 190 g\/m2 Impression : Talent-Campus Bodensee ou Z\u00fcrisee<\/p>","protected":false},"featured_media":132344,"template":"","meta":[],"product_brand":[],"product_cat":[6364],"product_tag":[],"class_list":{"0":"post-673855","1":"product","2":"type-product","3":"status-publish","4":"has-post-thumbnail","6":"product_cat-talent-campus","8":"first","9":"instock","10":"taxable","11":"shipping-taxable","12":"purchasable","13":"product-type-variable","14":"add-to-wishlist-before_image"},"exclude_global_add_ons":[],"addons":[],"acf":[],"_links":{"self":[{"href":"https:\/\/shop.kustom.ch\/fr\/wp-json\/wp\/v2\/product\/673855"}],"collection":[{"href":"https:\/\/shop.kustom.ch\/fr\/wp-json\/wp\/v2\/product"}],"about":[{"href":"https:\/\/shop.kustom.ch\/fr\/wp-json\/wp\/v2\/types\/product"}],"wp:featuredmedia":[{"embeddable":true,"href":"https:\/\/shop.kustom.ch\/fr\/wp-json\/wp\/v2\/media\/132344"}],"wp:attachment":[{"href":"https:\/\/shop.kustom.ch\/fr\/wp-json\/wp\/v2\/media?parent=673855"}],"wp:term":[{"taxonomy":"product_brand","embeddable":true,"href":"https:\/\/shop.kustom.ch\/fr\/wp-json\/wp\/v2\/product_brand?post=673855"},{"taxonomy":"product_cat","embeddable":true,"href":"https:\/\/shop.kustom.ch\/fr\/wp-json\/wp\/v2\/product_cat?post=673855"},{"taxonomy":"product_tag","embeddable":true,"href":"https:\/\/shop.kustom.ch\/fr\/wp-json\/wp\/v2\/product_tag?post=673855"}],"curies":[{"name":"wp","href":"https:\/\/api.w.org\/{rel}","templated":true}]}}