{"id":673808,"date":"2025-10-09T15:05:14","date_gmt":"2025-10-09T14:05:14","guid":{"rendered":"https:\/\/shop.kustom.ch\/?post_type=product&#038;p=673808"},"modified":"2025-10-09T15:06:48","modified_gmt":"2025-10-09T14:06:48","slug":"hakro-poloshirt-bio-baumwolle-gots-women","status":"publish","type":"product","link":"https:\/\/shop.kustom.ch\/fr\/produit\/hakro-poloshirt-bio-baumwolle-gots-women\/","title":{"rendered":"Polo Hakro coton bio Gots Women"},"content":{"rendered":"<p>Polo \u00e0 la mode pour femmes, avec une patte de boutonnage \u00e0 4 trous de haute qualit\u00e9 et des boutons incassables cousus de mani\u00e8re extra-r\u00e9sistante, ton sur ton avec l'inscription HAKRO grav\u00e9e au laser. Avec bouton de rechange, bande d'encolure et fentes lat\u00e9rales \u00e0 double fermeture. Fabriqu\u00e9 en piqu\u00e9 \u00e0 mailles fines de coton bio \u00e0 longues fibres, peign\u00e9 et fil\u00e9 \u00e0 anneaux, certifi\u00e9 GOTS.<\/p>\n<p>Mati\u00e8re : piqu\u00e9 de coton 100% (bio), 190 g\/m2<\/p>\n<p>Impression : Talent-Campus Bodensee ou Z\u00fcrisee<\/p>","protected":false},"excerpt":{"rendered":"<p>Polo \u00e0 la mode pour femmes, avec une patte de boutonnage \u00e0 4 trous de haute qualit\u00e9 et des boutons incassables cousus de mani\u00e8re extra-r\u00e9sistante, ton sur ton avec l'inscription HAKRO grav\u00e9e au laser. Avec bouton de rechange, bande d'encolure et fentes lat\u00e9rales \u00e0 double fermeture. Fabriqu\u00e9 en piqu\u00e9 \u00e0 mailles fines de coton bio \u00e0 longues fibres, peign\u00e9 et ring-spun, certifi\u00e9 GOTS. Mati\u00e8re : piqu\u00e9 de coton 100% (bio), 190 g\/m2 Impression : Talent-Campus Bodensee ou Z\u00fcrisee<\/p>","protected":false},"featured_media":132318,"template":"","meta":[],"product_brand":[],"product_cat":[6364],"product_tag":[],"class_list":{"0":"post-673808","1":"product","2":"type-product","3":"status-publish","4":"has-post-thumbnail","6":"product_cat-talent-campus","8":"first","9":"instock","10":"taxable","11":"shipping-taxable","12":"purchasable","13":"product-type-variable","14":"add-to-wishlist-before_image"},"exclude_global_add_ons":[],"addons":[],"acf":[],"_links":{"self":[{"href":"https:\/\/shop.kustom.ch\/fr\/wp-json\/wp\/v2\/product\/673808"}],"collection":[{"href":"https:\/\/shop.kustom.ch\/fr\/wp-json\/wp\/v2\/product"}],"about":[{"href":"https:\/\/shop.kustom.ch\/fr\/wp-json\/wp\/v2\/types\/product"}],"wp:featuredmedia":[{"embeddable":true,"href":"https:\/\/shop.kustom.ch\/fr\/wp-json\/wp\/v2\/media\/132318"}],"wp:attachment":[{"href":"https:\/\/shop.kustom.ch\/fr\/wp-json\/wp\/v2\/media?parent=673808"}],"wp:term":[{"taxonomy":"product_brand","embeddable":true,"href":"https:\/\/shop.kustom.ch\/fr\/wp-json\/wp\/v2\/product_brand?post=673808"},{"taxonomy":"product_cat","embeddable":true,"href":"https:\/\/shop.kustom.ch\/fr\/wp-json\/wp\/v2\/product_cat?post=673808"},{"taxonomy":"product_tag","embeddable":true,"href":"https:\/\/shop.kustom.ch\/fr\/wp-json\/wp\/v2\/product_tag?post=673808"}],"curies":[{"name":"wp","href":"https:\/\/api.w.org\/{rel}","templated":true}]}}