{"id":673700,"date":"2025-10-09T15:03:29","date_gmt":"2025-10-09T14:03:29","guid":{"rendered":"https:\/\/shop.kustom.ch\/?post_type=product&#038;p=673700"},"modified":"2025-10-09T15:04:19","modified_gmt":"2025-10-09T14:04:19","slug":"craft-core-light-padded-vest-men","status":"publish","type":"product","link":"https:\/\/shop.kustom.ch\/fr\/produit\/craft-core-light-padded-vest-men\/","title":{"rendered":"Gilet Craft Core Light Padded Men"},"content":{"rendered":"<p>Gilet chaud avec un l\u00e9ger rembourrage en polyester recycl\u00e9. Col c\u00f4tel\u00e9 agr\u00e9ablement doux, deux poches lat\u00e9rales avec fermeture \u00e9clair sur le devant. Coupe droite.<\/p>","protected":false},"excerpt":{"rendered":"<p>Gilet chaud avec un l\u00e9ger rembourrage en polyester recycl\u00e9. Col c\u00f4tel\u00e9 agr\u00e9ablement doux, deux poches lat\u00e9rales avec fermeture \u00e9clair sur le devant. Coupe droite.<\/p>","protected":false},"featured_media":132357,"template":"","meta":[],"product_brand":[],"product_cat":[6364],"product_tag":[],"class_list":{"0":"post-673700","1":"product","2":"type-product","3":"status-publish","4":"has-post-thumbnail","6":"product_cat-talent-campus","8":"first","9":"instock","10":"taxable","11":"shipping-taxable","12":"purchasable","13":"product-type-variable","14":"add-to-wishlist-before_image"},"exclude_global_add_ons":[],"addons":[],"acf":[],"_links":{"self":[{"href":"https:\/\/shop.kustom.ch\/fr\/wp-json\/wp\/v2\/product\/673700"}],"collection":[{"href":"https:\/\/shop.kustom.ch\/fr\/wp-json\/wp\/v2\/product"}],"about":[{"href":"https:\/\/shop.kustom.ch\/fr\/wp-json\/wp\/v2\/types\/product"}],"wp:featuredmedia":[{"embeddable":true,"href":"https:\/\/shop.kustom.ch\/fr\/wp-json\/wp\/v2\/media\/132357"}],"wp:attachment":[{"href":"https:\/\/shop.kustom.ch\/fr\/wp-json\/wp\/v2\/media?parent=673700"}],"wp:term":[{"taxonomy":"product_brand","embeddable":true,"href":"https:\/\/shop.kustom.ch\/fr\/wp-json\/wp\/v2\/product_brand?post=673700"},{"taxonomy":"product_cat","embeddable":true,"href":"https:\/\/shop.kustom.ch\/fr\/wp-json\/wp\/v2\/product_cat?post=673700"},{"taxonomy":"product_tag","embeddable":true,"href":"https:\/\/shop.kustom.ch\/fr\/wp-json\/wp\/v2\/product_tag?post=673700"}],"curies":[{"name":"wp","href":"https:\/\/api.w.org\/{rel}","templated":true}]}}