{"id":673698,"date":"2025-10-09T15:03:29","date_gmt":"2025-10-09T14:03:29","guid":{"rendered":"https:\/\/shop.kustom.ch\/?post_type=product&#038;p=673698"},"modified":"2025-10-09T15:03:53","modified_gmt":"2025-10-09T14:03:53","slug":"craft-community-sweatpants-woman","status":"publish","type":"product","link":"https:\/\/shop.kustom.ch\/fr\/produit\/craft-community-sweatpants-woman\/","title":{"rendered":"Craft Community Sweatpants Femme"},"content":{"rendered":"<p>Pantalon de jogging doux et d\u00e9contract\u00e9 avec un look sportif pour des moments de d\u00e9tente en dehors du terrain. Le m\u00e9lange de polyester et de coton agr\u00e9ablement doux garantit un confort maximal avec une fonction l\u00e9g\u00e8re.<\/p>","protected":false},"excerpt":{"rendered":"<p>Pantalon de jogging doux et d\u00e9contract\u00e9 avec un look sportif pour des moments de d\u00e9tente en dehors du terrain. Le m\u00e9lange de polyester et de coton agr\u00e9ablement doux garantit un confort maximal avec une fonction l\u00e9g\u00e8re.<\/p>","protected":false},"featured_media":131950,"template":"","meta":[],"product_brand":[],"product_cat":[6364],"product_tag":[],"class_list":{"0":"post-673698","1":"product","2":"type-product","3":"status-publish","4":"has-post-thumbnail","6":"product_cat-talent-campus","8":"first","9":"instock","10":"taxable","11":"shipping-taxable","12":"purchasable","13":"product-type-variable","14":"add-to-wishlist-before_image"},"exclude_global_add_ons":[],"addons":[],"acf":[],"_links":{"self":[{"href":"https:\/\/shop.kustom.ch\/fr\/wp-json\/wp\/v2\/product\/673698"}],"collection":[{"href":"https:\/\/shop.kustom.ch\/fr\/wp-json\/wp\/v2\/product"}],"about":[{"href":"https:\/\/shop.kustom.ch\/fr\/wp-json\/wp\/v2\/types\/product"}],"wp:featuredmedia":[{"embeddable":true,"href":"https:\/\/shop.kustom.ch\/fr\/wp-json\/wp\/v2\/media\/131950"}],"wp:attachment":[{"href":"https:\/\/shop.kustom.ch\/fr\/wp-json\/wp\/v2\/media?parent=673698"}],"wp:term":[{"taxonomy":"product_brand","embeddable":true,"href":"https:\/\/shop.kustom.ch\/fr\/wp-json\/wp\/v2\/product_brand?post=673698"},{"taxonomy":"product_cat","embeddable":true,"href":"https:\/\/shop.kustom.ch\/fr\/wp-json\/wp\/v2\/product_cat?post=673698"},{"taxonomy":"product_tag","embeddable":true,"href":"https:\/\/shop.kustom.ch\/fr\/wp-json\/wp\/v2\/product_tag?post=673698"}],"curies":[{"name":"wp","href":"https:\/\/api.w.org\/{rel}","templated":true}]}}