{"id":673621,"date":"2025-10-09T15:02:36","date_gmt":"2025-10-09T14:02:36","guid":{"rendered":"https:\/\/shop.kustom.ch\/?post_type=product&#038;p=673621"},"modified":"2026-01-20T07:50:55","modified_gmt":"2026-01-20T06:50:55","slug":"craft-community-function-ss-tee-woman","status":"publish","type":"product","link":"https:\/\/shop.kustom.ch\/fr\/produit\/craft-community-function-ss-tee-woman\/","title":{"rendered":"Craft Community Function SS Tee Woman"},"content":{"rendered":"<p>Renforce ton esprit d'\u00e9quipe avec ce t-shirt classique et fonctionnel. Fabriqu\u00e9 dans un tissu doux, l\u00e9ger et \u00e0 s\u00e9chage rapide, il \u00e9vacue efficacement l'humidit\u00e9 et offre un grand confort.<\/p>","protected":false},"excerpt":{"rendered":"<p>Renforce ton esprit d'\u00e9quipe avec ce t-shirt classique et fonctionnel. Fabriqu\u00e9 dans un tissu doux, l\u00e9ger et \u00e0 s\u00e9chage rapide, il \u00e9vacue efficacement l'humidit\u00e9 et offre un grand confort.<\/p>","protected":false},"featured_media":131981,"template":"","meta":[],"product_brand":[],"product_cat":[6364],"product_tag":[],"class_list":{"0":"post-673621","1":"product","2":"type-product","3":"status-publish","4":"has-post-thumbnail","6":"product_cat-talent-campus","8":"first","9":"instock","10":"taxable","11":"shipping-taxable","12":"purchasable","13":"product-type-variable","14":"add-to-wishlist-before_image"},"exclude_global_add_ons":[],"addons":[],"acf":[],"_links":{"self":[{"href":"https:\/\/shop.kustom.ch\/fr\/wp-json\/wp\/v2\/product\/673621"}],"collection":[{"href":"https:\/\/shop.kustom.ch\/fr\/wp-json\/wp\/v2\/product"}],"about":[{"href":"https:\/\/shop.kustom.ch\/fr\/wp-json\/wp\/v2\/types\/product"}],"wp:featuredmedia":[{"embeddable":true,"href":"https:\/\/shop.kustom.ch\/fr\/wp-json\/wp\/v2\/media\/131981"}],"wp:attachment":[{"href":"https:\/\/shop.kustom.ch\/fr\/wp-json\/wp\/v2\/media?parent=673621"}],"wp:term":[{"taxonomy":"product_brand","embeddable":true,"href":"https:\/\/shop.kustom.ch\/fr\/wp-json\/wp\/v2\/product_brand?post=673621"},{"taxonomy":"product_cat","embeddable":true,"href":"https:\/\/shop.kustom.ch\/fr\/wp-json\/wp\/v2\/product_cat?post=673621"},{"taxonomy":"product_tag","embeddable":true,"href":"https:\/\/shop.kustom.ch\/fr\/wp-json\/wp\/v2\/product_tag?post=673621"}],"curies":[{"name":"wp","href":"https:\/\/api.w.org\/{rel}","templated":true}]}}