{"id":673454,"date":"2025-10-09T14:59:40","date_gmt":"2025-10-09T13:59:40","guid":{"rendered":"https:\/\/shop.kustom.ch\/?post_type=product&#038;p=673454"},"modified":"2025-10-09T15:00:31","modified_gmt":"2025-10-09T14:00:31","slug":"craft-community-hoodie-men","status":"publish","type":"product","link":"https:\/\/shop.kustom.ch\/fr\/produit\/craft-community-hoodie-men\/","title":{"rendered":"Sweat \u00e0 capuche Craft Community Men"},"content":{"rendered":"<p>Hoodie d\u00e9contract\u00e9 \u00e0 la coupe athl\u00e9tique et au look sportif pour les moments pass\u00e9s en dehors du terrain. Le m\u00e9lange agr\u00e9ablement doux de polyester et de coton ainsi que la capuche avec garniture en mesh offrent un confort maximal. Parfait pour le branding avec le logo du club, du sponsor ou de l'entreprise.<\/p>","protected":false},"excerpt":{"rendered":"<p>Hoodie d\u00e9contract\u00e9 \u00e0 la coupe athl\u00e9tique et au look sportif pour les moments pass\u00e9s en dehors du terrain. Le m\u00e9lange agr\u00e9ablement doux de polyester et de coton ainsi que la capuche avec garniture en mesh offrent un confort maximal. Parfait pour le branding avec le logo du club, du sponsor ou de l'entreprise.<\/p>","protected":false},"featured_media":131859,"template":"","meta":[],"product_brand":[],"product_cat":[6364],"product_tag":[],"class_list":{"0":"post-673454","1":"product","2":"type-product","3":"status-publish","4":"has-post-thumbnail","6":"product_cat-talent-campus","8":"first","9":"instock","10":"taxable","11":"shipping-taxable","12":"purchasable","13":"product-type-variable","14":"add-to-wishlist-before_image"},"exclude_global_add_ons":[],"addons":[],"acf":[],"_links":{"self":[{"href":"https:\/\/shop.kustom.ch\/fr\/wp-json\/wp\/v2\/product\/673454"}],"collection":[{"href":"https:\/\/shop.kustom.ch\/fr\/wp-json\/wp\/v2\/product"}],"about":[{"href":"https:\/\/shop.kustom.ch\/fr\/wp-json\/wp\/v2\/types\/product"}],"wp:featuredmedia":[{"embeddable":true,"href":"https:\/\/shop.kustom.ch\/fr\/wp-json\/wp\/v2\/media\/131859"}],"wp:attachment":[{"href":"https:\/\/shop.kustom.ch\/fr\/wp-json\/wp\/v2\/media?parent=673454"}],"wp:term":[{"taxonomy":"product_brand","embeddable":true,"href":"https:\/\/shop.kustom.ch\/fr\/wp-json\/wp\/v2\/product_brand?post=673454"},{"taxonomy":"product_cat","embeddable":true,"href":"https:\/\/shop.kustom.ch\/fr\/wp-json\/wp\/v2\/product_cat?post=673454"},{"taxonomy":"product_tag","embeddable":true,"href":"https:\/\/shop.kustom.ch\/fr\/wp-json\/wp\/v2\/product_tag?post=673454"}],"curies":[{"name":"wp","href":"https:\/\/api.w.org\/{rel}","templated":true}]}}