{"id":673327,"date":"2025-09-29T07:35:21","date_gmt":"2025-09-29T06:35:21","guid":{"rendered":"https:\/\/shop.kustom.ch\/?post_type=product&#038;p=673327"},"modified":"2026-02-09T06:07:52","modified_gmt":"2026-02-09T05:07:52","slug":"fch-polyesterjacke-power","status":"publish","type":"product","link":"https:\/\/shop.kustom.ch\/fr\/produit\/fch-polyesterjacke-power\/","title":{"rendered":"Veste en polyester Power de la FCH"},"content":{"rendered":"<p>L'empi\u00e8cement contrastant remarquable en structure nid d'abeille est soutenu par la nouvelle position des Dots JAKO au niveau des manches et donne \u00e0 la veste en polyester Power JAKO un aspect tr\u00e8s dynamique. Les fermetures \u00e9clair sont contrast\u00e9es par rapport \u00e0 la couleur de la veste, aussi bien sur les poches lat\u00e9rales qu'au milieu de la veste, ce qui lui donne un aspect encore plus sportif.<\/p>","protected":false},"excerpt":{"rendered":"<p>Mat\u00e9riau : 100 % polyester<\/p>\n<p>couleur : gris pierre<\/p>","protected":false},"featured_media":673341,"template":"","meta":[],"product_brand":[],"product_cat":[6430],"product_tag":[],"class_list":{"0":"post-673327","1":"product","2":"type-product","3":"status-publish","4":"has-post-thumbnail","6":"product_cat-fc-heiden","8":"first","9":"instock","10":"taxable","11":"shipping-taxable","12":"purchasable","13":"product-type-variable","14":"add-to-wishlist-before_image"},"exclude_global_add_ons":[],"addons":[],"acf":[],"_links":{"self":[{"href":"https:\/\/shop.kustom.ch\/fr\/wp-json\/wp\/v2\/product\/673327"}],"collection":[{"href":"https:\/\/shop.kustom.ch\/fr\/wp-json\/wp\/v2\/product"}],"about":[{"href":"https:\/\/shop.kustom.ch\/fr\/wp-json\/wp\/v2\/types\/product"}],"wp:featuredmedia":[{"embeddable":true,"href":"https:\/\/shop.kustom.ch\/fr\/wp-json\/wp\/v2\/media\/673341"}],"wp:attachment":[{"href":"https:\/\/shop.kustom.ch\/fr\/wp-json\/wp\/v2\/media?parent=673327"}],"wp:term":[{"taxonomy":"product_brand","embeddable":true,"href":"https:\/\/shop.kustom.ch\/fr\/wp-json\/wp\/v2\/product_brand?post=673327"},{"taxonomy":"product_cat","embeddable":true,"href":"https:\/\/shop.kustom.ch\/fr\/wp-json\/wp\/v2\/product_cat?post=673327"},{"taxonomy":"product_tag","embeddable":true,"href":"https:\/\/shop.kustom.ch\/fr\/wp-json\/wp\/v2\/product_tag?post=673327"}],"curies":[{"name":"wp","href":"https:\/\/api.w.org\/{rel}","templated":true}]}}