{"id":673199,"date":"2025-09-25T19:42:24","date_gmt":"2025-09-25T18:42:24","guid":{"rendered":"https:\/\/shop.kustom.ch\/?post_type=product&#038;p=673199"},"modified":"2025-10-08T08:55:05","modified_gmt":"2025-10-08T07:55:05","slug":"trainingsshort-dynamic-2","status":"publish","type":"product","link":"https:\/\/shop.kustom.ch\/fr\/produit\/trainingsshort-dynamic-2\/","title":{"rendered":"Short d'entra\u00eenement Dynamic"},"content":{"rendered":"<p>Forme adapt\u00e9e aux hommes. Le short d'entra\u00eenement Dynamic est ton choix parfait pour chaque s\u00e9ance d'entra\u00eenement ou pour les chaudes journ\u00e9es d'\u00e9t\u00e9. Gr\u00e2ce \u00e0 la technologie innovante Keep Dry, ta peau reste agr\u00e9ablement s\u00e8che, m\u00eame lors d'entra\u00eenements intensifs. La taille \u00e9lastique en deux parties avec cordon de serrage te garantit une coupe confortable et un maintien s\u00fbr, quelle que soit ton activit\u00e9. Un vrai plus pour l'environnement : 100 % des mat\u00e9riaux utilis\u00e9s sont issus de textiles recycl\u00e9s. Avec le short d'entra\u00eenement Dynamic, tu combines durabilit\u00e9 et performance dans un design moderne.<\/p>","protected":false},"excerpt":{"rendered":"<p>couleur : noir<\/p>","protected":false},"featured_media":673015,"template":"","meta":[],"product_brand":[],"product_cat":[12559],"product_tag":[],"class_list":{"0":"post-673199","1":"product","2":"type-product","3":"status-publish","4":"has-post-thumbnail","6":"product_cat-wettkampf-zusatzausstattung","8":"first","9":"instock","10":"taxable","11":"shipping-taxable","12":"purchasable","13":"product-type-variable","14":"add-to-wishlist-before_image"},"exclude_global_add_ons":[],"addons":[],"acf":[],"_links":{"self":[{"href":"https:\/\/shop.kustom.ch\/fr\/wp-json\/wp\/v2\/product\/673199"}],"collection":[{"href":"https:\/\/shop.kustom.ch\/fr\/wp-json\/wp\/v2\/product"}],"about":[{"href":"https:\/\/shop.kustom.ch\/fr\/wp-json\/wp\/v2\/types\/product"}],"wp:featuredmedia":[{"embeddable":true,"href":"https:\/\/shop.kustom.ch\/fr\/wp-json\/wp\/v2\/media\/673015"}],"wp:attachment":[{"href":"https:\/\/shop.kustom.ch\/fr\/wp-json\/wp\/v2\/media?parent=673199"}],"wp:term":[{"taxonomy":"product_brand","embeddable":true,"href":"https:\/\/shop.kustom.ch\/fr\/wp-json\/wp\/v2\/product_brand?post=673199"},{"taxonomy":"product_cat","embeddable":true,"href":"https:\/\/shop.kustom.ch\/fr\/wp-json\/wp\/v2\/product_cat?post=673199"},{"taxonomy":"product_tag","embeddable":true,"href":"https:\/\/shop.kustom.ch\/fr\/wp-json\/wp\/v2\/product_tag?post=673199"}],"curies":[{"name":"wp","href":"https:\/\/api.w.org\/{rel}","templated":true}]}}