{"id":673198,"date":"2025-09-25T19:42:24","date_gmt":"2025-09-25T18:42:24","guid":{"rendered":"https:\/\/shop.kustom.ch\/?post_type=product&#038;p=673198"},"modified":"2025-10-08T08:59:00","modified_gmt":"2025-10-08T07:59:00","slug":"trainingshose-dynamic-2","status":"publish","type":"product","link":"https:\/\/shop.kustom.ch\/fr\/produit\/trainingshose-dynamic-2\/","title":{"rendered":"Pantalon de surv\u00eatement Dynamic"},"content":{"rendered":"<p>Forme adapt\u00e9e aux hommes. D\u00e9couvre le pantalon de surv\u00eatement Dynamic - ton compagnon id\u00e9al pour le sport et les loisirs. Gr\u00e2ce \u00e0 la technologie Keep Dry, tu restes agr\u00e9ablement au sec, m\u00eame lors d'entra\u00eenements intensifs. La taille \u00e9lastique en deux parties avec cordon de serrage assure un maintien optimal et un confort maximal - que ce soit pour le jogging, \u00e0 la salle de sport ou pour se d\u00e9tendre sur le canap\u00e9. Un point fort : au moins 50 % des mat\u00e9riaux sont en polyester recycl\u00e9.<\/p>","protected":false},"excerpt":{"rendered":"<p>couleur : noir<\/p>","protected":false},"featured_media":673013,"template":"","meta":[],"product_brand":[],"product_cat":[12559],"product_tag":[],"class_list":{"0":"post-673198","1":"product","2":"type-product","3":"status-publish","4":"has-post-thumbnail","6":"product_cat-wettkampf-zusatzausstattung","8":"first","9":"instock","10":"taxable","11":"shipping-taxable","12":"purchasable","13":"product-type-variable","14":"add-to-wishlist-before_image"},"exclude_global_add_ons":[],"addons":[],"acf":[],"_links":{"self":[{"href":"https:\/\/shop.kustom.ch\/fr\/wp-json\/wp\/v2\/product\/673198"}],"collection":[{"href":"https:\/\/shop.kustom.ch\/fr\/wp-json\/wp\/v2\/product"}],"about":[{"href":"https:\/\/shop.kustom.ch\/fr\/wp-json\/wp\/v2\/types\/product"}],"wp:featuredmedia":[{"embeddable":true,"href":"https:\/\/shop.kustom.ch\/fr\/wp-json\/wp\/v2\/media\/673013"}],"wp:attachment":[{"href":"https:\/\/shop.kustom.ch\/fr\/wp-json\/wp\/v2\/media?parent=673198"}],"wp:term":[{"taxonomy":"product_brand","embeddable":true,"href":"https:\/\/shop.kustom.ch\/fr\/wp-json\/wp\/v2\/product_brand?post=673198"},{"taxonomy":"product_cat","embeddable":true,"href":"https:\/\/shop.kustom.ch\/fr\/wp-json\/wp\/v2\/product_cat?post=673198"},{"taxonomy":"product_tag","embeddable":true,"href":"https:\/\/shop.kustom.ch\/fr\/wp-json\/wp\/v2\/product_tag?post=673198"}],"curies":[{"name":"wp","href":"https:\/\/api.w.org\/{rel}","templated":true}]}}