{"id":673170,"date":"2025-09-25T19:41:50","date_gmt":"2025-09-25T18:41:50","guid":{"rendered":"https:\/\/shop.kustom.ch\/?post_type=product&#038;p=673170"},"modified":"2025-10-08T08:58:05","modified_gmt":"2025-10-08T07:58:05","slug":"polo-dynamic-2","status":"publish","type":"product","link":"https:\/\/shop.kustom.ch\/fr\/produit\/polo-dynamic-2\/","title":{"rendered":"Polo Dynamic"},"content":{"rendered":"<p>Forme adapt\u00e9e aux hommes. Le Polo Dynamic est plus qu'un simple polo - c'est ta d\u00e9claration de style, de fonctionnalit\u00e9 et de durabilit\u00e9. Avec ses d\u00e9tails contrast\u00e9s modernes au niveau du col et des poignets, tu apportes une touche de mode sans renoncer au confort. Gr\u00e2ce \u00e0 la technologie Keep Dry, tu restes au sec toute la journ\u00e9e, quelle que soit l'intensit\u00e9 de ton quotidien. Particuli\u00e8rement impressionnant : 100 % des mat\u00e9riaux utilis\u00e9s sont en polyester recycl\u00e9. Ainsi, tu ne soutiens pas seulement l'environnement, mais tu te sens aussi parfaitement bien dans ta peau.<\/p>","protected":false},"excerpt":{"rendered":"<p>Couleur : vert\/blanc\/vert fonc\u00e9<\/p>","protected":false},"featured_media":673014,"template":"","meta":[],"product_brand":[],"product_cat":[12559],"product_tag":[],"class_list":{"0":"post-673170","1":"product","2":"type-product","3":"status-publish","4":"has-post-thumbnail","6":"product_cat-wettkampf-zusatzausstattung","8":"first","9":"instock","10":"taxable","11":"shipping-taxable","12":"purchasable","13":"product-type-variable","14":"add-to-wishlist-before_image"},"exclude_global_add_ons":[],"addons":[],"acf":[],"_links":{"self":[{"href":"https:\/\/shop.kustom.ch\/fr\/wp-json\/wp\/v2\/product\/673170"}],"collection":[{"href":"https:\/\/shop.kustom.ch\/fr\/wp-json\/wp\/v2\/product"}],"about":[{"href":"https:\/\/shop.kustom.ch\/fr\/wp-json\/wp\/v2\/types\/product"}],"wp:featuredmedia":[{"embeddable":true,"href":"https:\/\/shop.kustom.ch\/fr\/wp-json\/wp\/v2\/media\/673014"}],"wp:attachment":[{"href":"https:\/\/shop.kustom.ch\/fr\/wp-json\/wp\/v2\/media?parent=673170"}],"wp:term":[{"taxonomy":"product_brand","embeddable":true,"href":"https:\/\/shop.kustom.ch\/fr\/wp-json\/wp\/v2\/product_brand?post=673170"},{"taxonomy":"product_cat","embeddable":true,"href":"https:\/\/shop.kustom.ch\/fr\/wp-json\/wp\/v2\/product_cat?post=673170"},{"taxonomy":"product_tag","embeddable":true,"href":"https:\/\/shop.kustom.ch\/fr\/wp-json\/wp\/v2\/product_tag?post=673170"}],"curies":[{"name":"wp","href":"https:\/\/api.w.org\/{rel}","templated":true}]}}