{"id":673169,"date":"2025-09-25T19:41:50","date_gmt":"2025-09-25T18:41:50","guid":{"rendered":"https:\/\/shop.kustom.ch\/?post_type=product&#038;p=673169"},"modified":"2025-10-08T08:55:47","modified_gmt":"2025-10-08T07:55:47","slug":"damen-trainingsshort-dynamic","status":"publish","type":"product","link":"https:\/\/shop.kustom.ch\/fr\/produit\/damen-trainingsshort-dynamic\/","title":{"rendered":"Short d'entra\u00eenement pour femmes Dynamic"},"content":{"rendered":"<p>Forme adapt\u00e9e aux femmes. Le short d'entra\u00eenement Dynamic pour femmes est ton nouveau favori pour le sport et les loisirs. Avec sa taille \u00e9lastique en deux parties et son cordon de serrage, il est toujours parfaitement ajust\u00e9, que ce soit pour l'entra\u00eenement, le jogging ou la d\u00e9tente. La technologie Keep Dry veille \u00e0 ce que tu restes agr\u00e9ablement au sec, m\u00eame lors d'entra\u00eenements intensifs. En m\u00eame temps, ce short est un signe de durabilit\u00e9 : au moins 50 % des mat\u00e9riaux utilis\u00e9s sont en polyester recycl\u00e9. L\u00e9ger, flexible et avec un design moderne - ce short d'entra\u00eenement combine fonctionnalit\u00e9 et style pour chaque occasion.<\/p>","protected":false},"excerpt":{"rendered":"<p>couleur : noir<\/p>","protected":false},"featured_media":673018,"template":"","meta":[],"product_brand":[],"product_cat":[12559],"product_tag":[],"class_list":{"0":"post-673169","1":"product","2":"type-product","3":"status-publish","4":"has-post-thumbnail","6":"product_cat-wettkampf-zusatzausstattung","8":"first","9":"instock","10":"taxable","11":"shipping-taxable","12":"purchasable","13":"product-type-variable","14":"add-to-wishlist-before_image"},"exclude_global_add_ons":[],"addons":[],"acf":[],"_links":{"self":[{"href":"https:\/\/shop.kustom.ch\/fr\/wp-json\/wp\/v2\/product\/673169"}],"collection":[{"href":"https:\/\/shop.kustom.ch\/fr\/wp-json\/wp\/v2\/product"}],"about":[{"href":"https:\/\/shop.kustom.ch\/fr\/wp-json\/wp\/v2\/types\/product"}],"wp:featuredmedia":[{"embeddable":true,"href":"https:\/\/shop.kustom.ch\/fr\/wp-json\/wp\/v2\/media\/673018"}],"wp:attachment":[{"href":"https:\/\/shop.kustom.ch\/fr\/wp-json\/wp\/v2\/media?parent=673169"}],"wp:term":[{"taxonomy":"product_brand","embeddable":true,"href":"https:\/\/shop.kustom.ch\/fr\/wp-json\/wp\/v2\/product_brand?post=673169"},{"taxonomy":"product_cat","embeddable":true,"href":"https:\/\/shop.kustom.ch\/fr\/wp-json\/wp\/v2\/product_cat?post=673169"},{"taxonomy":"product_tag","embeddable":true,"href":"https:\/\/shop.kustom.ch\/fr\/wp-json\/wp\/v2\/product_tag?post=673169"}],"curies":[{"name":"wp","href":"https:\/\/api.w.org\/{rel}","templated":true}]}}