{"id":673167,"date":"2025-09-25T19:41:50","date_gmt":"2025-09-25T18:41:50","guid":{"rendered":"https:\/\/shop.kustom.ch\/?post_type=product&#038;p=673167"},"modified":"2025-10-08T08:56:47","modified_gmt":"2025-10-08T07:56:47","slug":"damen-polo-dynamic","status":"publish","type":"product","link":"https:\/\/shop.kustom.ch\/fr\/produit\/damen-polo-dynamic\/","title":{"rendered":"Polo femme Dynamic"},"content":{"rendered":"<p>Forme adapt\u00e9e aux femmes. Le polo Dynamic pour femmes est le choix parfait pour les femmes actives qui accordent de l'importance au confort et au design. Les d\u00e9tails contrast\u00e9s au niveau du col et des manches conf\u00e8rent \u00e0 ce polo un look moderne et dynamique - id\u00e9al pour le sport, les loisirs ou les styles business-casual. Gr\u00e2ce \u00e0 la technologie Keep Dry, tu restes agr\u00e9ablement sec et frais, m\u00eame par temps chaud ou pendant des activit\u00e9s intenses. La durabilit\u00e9 est au centre des pr\u00e9occupations : le polo est compos\u00e9 \u00e0 100 % de polyester recycl\u00e9. Fais preuve de style et de conscience \u00e9cologique.<\/p>","protected":false},"excerpt":{"rendered":"<p>Couleur : vert\/blanc\/vert fonc\u00e9<\/p>","protected":false},"featured_media":673017,"template":"","meta":[],"product_brand":[],"product_cat":[12559],"product_tag":[],"class_list":{"0":"post-673167","1":"product","2":"type-product","3":"status-publish","4":"has-post-thumbnail","6":"product_cat-wettkampf-zusatzausstattung","8":"first","9":"instock","10":"taxable","11":"shipping-taxable","12":"purchasable","13":"product-type-variable","14":"add-to-wishlist-before_image"},"exclude_global_add_ons":[],"addons":[],"acf":[],"_links":{"self":[{"href":"https:\/\/shop.kustom.ch\/fr\/wp-json\/wp\/v2\/product\/673167"}],"collection":[{"href":"https:\/\/shop.kustom.ch\/fr\/wp-json\/wp\/v2\/product"}],"about":[{"href":"https:\/\/shop.kustom.ch\/fr\/wp-json\/wp\/v2\/types\/product"}],"wp:featuredmedia":[{"embeddable":true,"href":"https:\/\/shop.kustom.ch\/fr\/wp-json\/wp\/v2\/media\/673017"}],"wp:attachment":[{"href":"https:\/\/shop.kustom.ch\/fr\/wp-json\/wp\/v2\/media?parent=673167"}],"wp:term":[{"taxonomy":"product_brand","embeddable":true,"href":"https:\/\/shop.kustom.ch\/fr\/wp-json\/wp\/v2\/product_brand?post=673167"},{"taxonomy":"product_cat","embeddable":true,"href":"https:\/\/shop.kustom.ch\/fr\/wp-json\/wp\/v2\/product_cat?post=673167"},{"taxonomy":"product_tag","embeddable":true,"href":"https:\/\/shop.kustom.ch\/fr\/wp-json\/wp\/v2\/product_tag?post=673167"}],"curies":[{"name":"wp","href":"https:\/\/api.w.org\/{rel}","templated":true}]}}