{"id":673166,"date":"2025-09-25T19:41:50","date_gmt":"2025-09-25T18:41:50","guid":{"rendered":"https:\/\/shop.kustom.ch\/?post_type=product&#038;p=673166"},"modified":"2025-10-08T08:50:48","modified_gmt":"2025-10-08T07:50:48","slug":"t-shirt-dynamic-2","status":"publish","type":"product","link":"https:\/\/shop.kustom.ch\/fr\/produit\/t-shirt-dynamic-2\/","title":{"rendered":"T-shirt Dynamic"},"content":{"rendered":"<p>Forme adapt\u00e9e aux hommes. Le T-shirt Dynamic allie un design moderne \u00e0 une fonctionnalit\u00e9 optimale. Les d\u00e9tails contrast\u00e9s au niveau du col et des manches conf\u00e8rent au t-shirt un look sportif et dynamique qui convainc aussi bien sur le terrain que pendant les loisirs. Gr\u00e2ce \u00e0 la technologie Keep Dry, tu restes agr\u00e9ablement au sec, m\u00eame lors d'entra\u00eenements intensifs. Le mat\u00e9riau respirant \u00e9vacue l'humidit\u00e9 de mani\u00e8re fiable et assure un confort maximal. Particuli\u00e8rement durable : 100 % des mat\u00e9riaux utilis\u00e9s sont en polyester recycl\u00e9, de sorte que tu ne marques pas seulement des points en mati\u00e8re de style, mais que tu contribues \u00e9galement \u00e0 la protection de l'environnement. Que ce soit pour l'entra\u00eenement, le jogging ou tes loisirs, le t-shirt Dynamic t'offre la combinaison parfaite entre style, fonctionnalit\u00e9 et durabilit\u00e9.<\/p>","protected":false},"excerpt":{"rendered":"<p>Couleur : vert\/blanc\/vert fonc\u00e9<\/p>","protected":false},"featured_media":673021,"template":"","meta":[],"product_brand":[],"product_cat":[12558],"product_tag":[],"class_list":{"0":"post-673166","1":"product","2":"type-product","3":"status-publish","4":"has-post-thumbnail","6":"product_cat-wettkampf-grundausstattung","8":"first","9":"instock","10":"taxable","11":"shipping-taxable","12":"purchasable","13":"product-type-variable","14":"add-to-wishlist-before_image"},"exclude_global_add_ons":[],"addons":[],"acf":[],"_links":{"self":[{"href":"https:\/\/shop.kustom.ch\/fr\/wp-json\/wp\/v2\/product\/673166"}],"collection":[{"href":"https:\/\/shop.kustom.ch\/fr\/wp-json\/wp\/v2\/product"}],"about":[{"href":"https:\/\/shop.kustom.ch\/fr\/wp-json\/wp\/v2\/types\/product"}],"wp:featuredmedia":[{"embeddable":true,"href":"https:\/\/shop.kustom.ch\/fr\/wp-json\/wp\/v2\/media\/673021"}],"wp:attachment":[{"href":"https:\/\/shop.kustom.ch\/fr\/wp-json\/wp\/v2\/media?parent=673166"}],"wp:term":[{"taxonomy":"product_brand","embeddable":true,"href":"https:\/\/shop.kustom.ch\/fr\/wp-json\/wp\/v2\/product_brand?post=673166"},{"taxonomy":"product_cat","embeddable":true,"href":"https:\/\/shop.kustom.ch\/fr\/wp-json\/wp\/v2\/product_cat?post=673166"},{"taxonomy":"product_tag","embeddable":true,"href":"https:\/\/shop.kustom.ch\/fr\/wp-json\/wp\/v2\/product_tag?post=673166"}],"curies":[{"name":"wp","href":"https:\/\/api.w.org\/{rel}","templated":true}]}}