{"id":673164,"date":"2025-09-25T19:41:50","date_gmt":"2025-09-25T18:41:50","guid":{"rendered":"https:\/\/shop.kustom.ch\/?post_type=product&#038;p=673164"},"modified":"2025-10-08T08:43:54","modified_gmt":"2025-10-08T07:43:54","slug":"kapuzenjacke-dynamic-3","status":"publish","type":"product","link":"https:\/\/shop.kustom.ch\/fr\/produit\/kapuzenjacke-dynamic-3\/","title":{"rendered":"Veste \u00e0 capuche Dynamic"},"content":{"rendered":"<p>Forme adapt\u00e9e aux hommes. La veste \u00e0 capuche Dynamic est ton must-have pour tous les jours - moderne, confortable et durable. Avec sa capuche styl\u00e9e et ses manches aux couleurs contrast\u00e9es, tu attireras tous les regards. La technologie Keep Dry veille \u00e0 ce que tu restes agr\u00e9ablement au sec, m\u00eame lors d'activit\u00e9s intenses. Pratique et bien pens\u00e9 : les poches lat\u00e9rales zipp\u00e9es offrent un espace de rangement s\u00fbr pour tes essentiels, que tu sois en d\u00e9placement ou \u00e0 l'entra\u00eenement. Et le meilleur ? 100 % des mat\u00e9riaux utilis\u00e9s sont en polyester recycl\u00e9, pour que tu n'aies pas seulement une belle allure, mais que tu fasses aussi un geste pour l'environnement.<\/p>","protected":false},"excerpt":{"rendered":"<p>Couleur : vert\/blanc\/vert fonc\u00e9<\/p>","protected":false},"featured_media":673019,"template":"","meta":[],"product_brand":[],"product_cat":[12558],"product_tag":[],"class_list":{"0":"post-673164","1":"product","2":"type-product","3":"status-publish","4":"has-post-thumbnail","6":"product_cat-wettkampf-grundausstattung","8":"first","9":"instock","10":"taxable","11":"shipping-taxable","12":"purchasable","13":"product-type-variable","14":"add-to-wishlist-before_image"},"exclude_global_add_ons":[],"addons":[],"acf":[],"_links":{"self":[{"href":"https:\/\/shop.kustom.ch\/fr\/wp-json\/wp\/v2\/product\/673164"}],"collection":[{"href":"https:\/\/shop.kustom.ch\/fr\/wp-json\/wp\/v2\/product"}],"about":[{"href":"https:\/\/shop.kustom.ch\/fr\/wp-json\/wp\/v2\/types\/product"}],"wp:featuredmedia":[{"embeddable":true,"href":"https:\/\/shop.kustom.ch\/fr\/wp-json\/wp\/v2\/media\/673019"}],"wp:attachment":[{"href":"https:\/\/shop.kustom.ch\/fr\/wp-json\/wp\/v2\/media?parent=673164"}],"wp:term":[{"taxonomy":"product_brand","embeddable":true,"href":"https:\/\/shop.kustom.ch\/fr\/wp-json\/wp\/v2\/product_brand?post=673164"},{"taxonomy":"product_cat","embeddable":true,"href":"https:\/\/shop.kustom.ch\/fr\/wp-json\/wp\/v2\/product_cat?post=673164"},{"taxonomy":"product_tag","embeddable":true,"href":"https:\/\/shop.kustom.ch\/fr\/wp-json\/wp\/v2\/product_tag?post=673164"}],"curies":[{"name":"wp","href":"https:\/\/api.w.org\/{rel}","templated":true}]}}