{"id":673124,"date":"2025-09-25T19:41:14","date_gmt":"2025-09-25T18:41:14","guid":{"rendered":"https:\/\/shop.kustom.ch\/?post_type=product&#038;p=673124"},"modified":"2025-10-08T08:51:16","modified_gmt":"2025-10-08T07:51:16","slug":"damen-t-shirt-dynamic","status":"publish","type":"product","link":"https:\/\/shop.kustom.ch\/fr\/produit\/damen-t-shirt-dynamic\/","title":{"rendered":"T-shirt femme Dynamic"},"content":{"rendered":"<p>Forme adapt\u00e9e aux femmes. D\u00e9couvre le T-shirt Dynamic pour femmes, qui allie parfaitement style, confort et durabilit\u00e9. Avec ses d\u00e9tails contrast\u00e9s au niveau du col et des manches, tu apportes une touche de mode et tu montres ton sens du design dynamique - id\u00e9al pour l'entra\u00eenement, le quotidien ou les moments de d\u00e9tente. La technologie innovante Keep Dry te garde agr\u00e9ablement au sec pendant toutes tes activit\u00e9s et te procure une sensation de fra\u00eecheur. En m\u00eame temps, tu fais la diff\u00e9rence avec ce t-shirt : il est compos\u00e9 \u00e0 100 % de polyester recycl\u00e9.<\/p>","protected":false},"excerpt":{"rendered":"<p>Couleur : vert\/blanc\/vert fonc\u00e9<\/p>","protected":false},"featured_media":673020,"template":"","meta":[],"product_brand":[],"product_cat":[12558],"product_tag":[],"class_list":{"0":"post-673124","1":"product","2":"type-product","3":"status-publish","4":"has-post-thumbnail","6":"product_cat-wettkampf-grundausstattung","8":"first","9":"instock","10":"taxable","11":"shipping-taxable","12":"purchasable","13":"product-type-variable","14":"add-to-wishlist-before_image"},"exclude_global_add_ons":[],"addons":[],"acf":[],"_links":{"self":[{"href":"https:\/\/shop.kustom.ch\/fr\/wp-json\/wp\/v2\/product\/673124"}],"collection":[{"href":"https:\/\/shop.kustom.ch\/fr\/wp-json\/wp\/v2\/product"}],"about":[{"href":"https:\/\/shop.kustom.ch\/fr\/wp-json\/wp\/v2\/types\/product"}],"wp:featuredmedia":[{"embeddable":true,"href":"https:\/\/shop.kustom.ch\/fr\/wp-json\/wp\/v2\/media\/673020"}],"wp:attachment":[{"href":"https:\/\/shop.kustom.ch\/fr\/wp-json\/wp\/v2\/media?parent=673124"}],"wp:term":[{"taxonomy":"product_brand","embeddable":true,"href":"https:\/\/shop.kustom.ch\/fr\/wp-json\/wp\/v2\/product_brand?post=673124"},{"taxonomy":"product_cat","embeddable":true,"href":"https:\/\/shop.kustom.ch\/fr\/wp-json\/wp\/v2\/product_cat?post=673124"},{"taxonomy":"product_tag","embeddable":true,"href":"https:\/\/shop.kustom.ch\/fr\/wp-json\/wp\/v2\/product_tag?post=673124"}],"curies":[{"name":"wp","href":"https:\/\/api.w.org\/{rel}","templated":true}]}}