{"id":673122,"date":"2025-09-25T19:41:14","date_gmt":"2025-09-25T18:41:14","guid":{"rendered":"https:\/\/shop.kustom.ch\/?post_type=product&#038;p=673122"},"modified":"2025-10-08T08:44:54","modified_gmt":"2025-10-08T07:44:54","slug":"damen-kapuzenjacke-dynamic","status":"publish","type":"product","link":"https:\/\/shop.kustom.ch\/fr\/produit\/damen-kapuzenjacke-dynamic\/","title":{"rendered":"Veste \u00e0 capuche Dynamic pour femmes"},"content":{"rendered":"<p>Forme adapt\u00e9e aux femmes. La veste \u00e0 capuche Dynamic pour femmes est la combinaison parfaite entre fonctionnalit\u00e9 et design moderne. Avec une capuche et des manches aux couleurs contrast\u00e9es, tu fais une d\u00e9claration de mode - que ce soit \u00e0 l'entra\u00eenement, pendant les loisirs ou en d\u00e9placement. La technologie Keep Dry veille \u00e0 ce que tu restes au sec et confortable m\u00eame pendant les moments actifs. Les poches lat\u00e9rales avec fermeture \u00e9clair offrent de la place pour tes essentiels et font de cette veste un compagnon pratique au quotidien. La durabilit\u00e9 est au centre des pr\u00e9occupations : cette veste est compos\u00e9e \u00e0 100 % de polyester recycl\u00e9, ce qui la rend non seulement respectueuse de l'environnement, mais aussi particuli\u00e8rement r\u00e9sistante et durable.<\/p>","protected":false},"excerpt":{"rendered":"<p>Couleur : vert\/blanc\/vert fonc\u00e9<\/p>","protected":false},"featured_media":673022,"template":"","meta":[],"product_brand":[],"product_cat":[12558],"product_tag":[],"class_list":{"0":"post-673122","1":"product","2":"type-product","3":"status-publish","4":"has-post-thumbnail","6":"product_cat-wettkampf-grundausstattung","8":"first","9":"instock","10":"taxable","11":"shipping-taxable","12":"purchasable","13":"product-type-variable","14":"add-to-wishlist-before_image"},"exclude_global_add_ons":[],"addons":[],"acf":[],"_links":{"self":[{"href":"https:\/\/shop.kustom.ch\/fr\/wp-json\/wp\/v2\/product\/673122"}],"collection":[{"href":"https:\/\/shop.kustom.ch\/fr\/wp-json\/wp\/v2\/product"}],"about":[{"href":"https:\/\/shop.kustom.ch\/fr\/wp-json\/wp\/v2\/types\/product"}],"wp:featuredmedia":[{"embeddable":true,"href":"https:\/\/shop.kustom.ch\/fr\/wp-json\/wp\/v2\/media\/673022"}],"wp:attachment":[{"href":"https:\/\/shop.kustom.ch\/fr\/wp-json\/wp\/v2\/media?parent=673122"}],"wp:term":[{"taxonomy":"product_brand","embeddable":true,"href":"https:\/\/shop.kustom.ch\/fr\/wp-json\/wp\/v2\/product_brand?post=673122"},{"taxonomy":"product_cat","embeddable":true,"href":"https:\/\/shop.kustom.ch\/fr\/wp-json\/wp\/v2\/product_cat?post=673122"},{"taxonomy":"product_tag","embeddable":true,"href":"https:\/\/shop.kustom.ch\/fr\/wp-json\/wp\/v2\/product_tag?post=673122"}],"curies":[{"name":"wp","href":"https:\/\/api.w.org\/{rel}","templated":true}]}}