{"id":673121,"date":"2025-09-25T19:41:14","date_gmt":"2025-09-25T18:41:14","guid":{"rendered":"https:\/\/shop.kustom.ch\/?post_type=product&#038;p=673121"},"modified":"2025-10-08T08:35:40","modified_gmt":"2025-10-08T07:35:40","slug":"rucksack-tls","status":"publish","type":"product","link":"https:\/\/shop.kustom.ch\/fr\/produit\/rucksack-tls\/","title":{"rendered":"Sac \u00e0 dos TLS"},"content":{"rendered":"<p>Le sac \u00e0 dos TLS allie fonctionnalit\u00e9 et design sportif. Gr\u00e2ce \u00e0 son grand compartiment principal avec fermeture \u00e9clair \u00e0 double sens, le sac \u00e0 dos offre suffisamment de place pour les v\u00eatements de sport et les accessoires. De plus, un compartiment s\u00e9par\u00e9 dans le fond du sac \u00e0 dos permet de ranger jusqu'\u00e0 deux paires de chaussures. La petite poche int\u00e9rieure zipp\u00e9e dans le compartiment principal permet de ranger les cl\u00e9s, les objets de valeur et autres petits accessoires. Gr\u00e2ce au mat\u00e9riau en polyester 100 %, le sac \u00e0 dos est tr\u00e8s facile \u00e0 entretenir. Les points de pression sur le corps peuvent \u00eatre \u00e9vit\u00e9s gr\u00e2ce aux bretelles rembourr\u00e9es et \u00e0 un dos rembourr\u00e9 et surpiqu\u00e9.<\/p>","protected":false},"excerpt":{"rendered":"<p>couleur : vert sport<\/p>","protected":false},"featured_media":673033,"template":"","meta":[],"product_brand":[],"product_cat":[12556],"product_tag":[],"class_list":{"0":"post-673121","1":"product","2":"type-product","3":"status-publish","4":"has-post-thumbnail","6":"product_cat-funktionaere-zusatzausstattung","8":"first","9":"instock","10":"taxable","11":"shipping-taxable","12":"purchasable","13":"product-type-variable","14":"add-to-wishlist-before_image"},"exclude_global_add_ons":[],"addons":[],"acf":[],"_links":{"self":[{"href":"https:\/\/shop.kustom.ch\/fr\/wp-json\/wp\/v2\/product\/673121"}],"collection":[{"href":"https:\/\/shop.kustom.ch\/fr\/wp-json\/wp\/v2\/product"}],"about":[{"href":"https:\/\/shop.kustom.ch\/fr\/wp-json\/wp\/v2\/types\/product"}],"wp:featuredmedia":[{"embeddable":true,"href":"https:\/\/shop.kustom.ch\/fr\/wp-json\/wp\/v2\/media\/673033"}],"wp:attachment":[{"href":"https:\/\/shop.kustom.ch\/fr\/wp-json\/wp\/v2\/media?parent=673121"}],"wp:term":[{"taxonomy":"product_brand","embeddable":true,"href":"https:\/\/shop.kustom.ch\/fr\/wp-json\/wp\/v2\/product_brand?post=673121"},{"taxonomy":"product_cat","embeddable":true,"href":"https:\/\/shop.kustom.ch\/fr\/wp-json\/wp\/v2\/product_cat?post=673121"},{"taxonomy":"product_tag","embeddable":true,"href":"https:\/\/shop.kustom.ch\/fr\/wp-json\/wp\/v2\/product_tag?post=673121"}],"curies":[{"name":"wp","href":"https:\/\/api.w.org\/{rel}","templated":true}]}}